{"id":9174,"date":"2025-06-28T20:56:21","date_gmt":"2025-06-28T20:56:21","guid":{"rendered":"https:\/\/www.netvoix.com\/?page_id=9174"},"modified":"2025-06-28T21:01:11","modified_gmt":"2025-06-28T21:01:11","slug":"fabricacion","status":"publish","type":"page","link":"https:\/\/www.netvoix.com\/es\/manufacturing\/","title":{"rendered":"Manufactura"},"content":{"rendered":"<section style=\"background-position: center center !important; background-size: 100% auto !important;\" data-vc-full-width=\"true\" data-vc-full-width-init=\"false\" class=\"vc_section vc_custom_1750944398411 vc_section-has-fill\"><div style=\"\" class=\"vc_row wpb_row vc_row-fluid\"><div class=\"row-inner\"><div class=\"wpb_column vc_column_container vc_col-sm-6\"><div class=\"vc_column-inner\"><div class=\"wpb_wrapper\"><h2 style=\"text-align: left\" class=\"vc_custom_heading\" >Tecnolog\u00eda que impulsa la producci\u00f3n manufacturera.<\/h2><div class=\"vc_empty_space\"   style=\"height: 32px\"><span class=\"vc_empty_space_inner\"><\/span><\/div>\n\t<div class=\"wpb_text_column wpb_content_element\" >\n\t\t<div class=\"wpb_wrapper\">\n\t\t\t<p style=\"color: black;\">Los fallos suelen esconderse donde nadie mira. En NetVoiX, mantenemos su infraestructura de TI estable, alineada con sus objetivos de producci\u00f3n y preparada para cualquier cosa.<\/p>\n\n\t\t<\/div>\n\t<\/div>\n<div class=\"vc_empty_space\"   style=\"height: 32px\"><span class=\"vc_empty_space_inner\"><\/span><\/div><div class=\"vc_btn3-container vc_btn3-inline\" ><a class=\"vc_general vc_btn3 vc_btn3-size-md vc_btn3-shape-round vc_btn3-style-modern vc_btn3-color-primary\" href=\"https:\/\/www.netvoix.com\/es\/contacto\/\" title=\"Contacto\">CONECTE CON NUESTROS EXPERTOS<\/a><\/div><\/div><\/div><\/div><div class=\"wpb_column vc_column_container vc_col-sm-6\"><div class=\"vc_column-inner\"><div class=\"wpb_wrapper\"><\/div><\/div><\/div><\/div><\/div><\/section><div class=\"vc_row-full-width vc_clearfix\"><\/div><section style=\"\" class=\"vc_section vc_custom_1751048198064\"><div style=\"\" class=\"vc_row wpb_row vc_row-fluid vc_custom_1751048079615\"><div class=\"row-inner\"><div class=\"wpb_column vc_column_container vc_col-sm-6\"><div class=\"vc_column-inner\"><div class=\"wpb_wrapper\"><h3 style=\"text-align: left\" class=\"vc_custom_heading\" >\u00bfA qu\u00e9 retos se enfrenta hoy?<\/h3><div class=\"vc_empty_space\"   style=\"height: 32px\"><span class=\"vc_empty_space_inner\"><\/span><\/div><ul class=\"iconlist iconlist iconlist-icon-small\"><li><div ><div class=\"iconlist-item-icon\"><i class=\"typcn typcn-arrow-right\"><\/i><\/div><div class=\"iconlist-item-content\"><h4>Ciberseguridad y riesgo para la propiedad intelectual<\/h4><p>\u00bfEst\u00e1 seguro de que su infraestructura est\u00e1 protegida contra las amenazas actuales?<\/div><\/div><\/li><li><div ><div class=\"iconlist-item-icon\"><i class=\"typcn typcn-arrow-right\"><\/i><\/div><div class=\"iconlist-item-content\"><h4>Minimizar los tiempos de inactividad de la producci\u00f3n<\/h4><p>\u00bfCu\u00e1nto le cuestan a su empresa los tiempos de inactividad imprevistos?<\/div><\/div><\/li><li><div ><div class=\"iconlist-item-icon\"><i class=\"typcn typcn-arrow-right\"><\/i><\/div><div class=\"iconlist-item-content\"><h4>Resolver las ineficiencias operativas<\/h4><p>\u00bfSus equipos dedican demasiado tiempo a procesos manuales o fragmentados?<\/div><\/div><\/li><li><div ><div class=\"iconlist-item-icon\"><i class=\"typcn typcn-arrow-right\"><\/i><\/div><div class=\"iconlist-item-content\"><h4>Falta de informaci\u00f3n<\/h4><p>\u00bfSus datos le ayudan a tomar decisiones m\u00e1s inteligentes o simplemente no los utiliza?<\/div><\/div><\/li><li><div ><div class=\"iconlist-item-icon\"><i class=\"typcn typcn-arrow-right\"><\/i><\/div><div class=\"iconlist-item-content\"><h4>Lagunas de conectividad y comunicaci\u00f3n<\/h4><p>\u00bfEst\u00e1n sus equipos y sistemas realmente conectados, est\u00e9n donde est\u00e9n?<\/div><\/div><\/li><\/ul><div class=\"vc_empty_space\"   style=\"height: 40px\"><span class=\"vc_empty_space_inner\"><\/span><\/div><div class=\"vc_btn3-container vc_btn3-center\" ><a class=\"vc_general vc_btn3 vc_btn3-size-md vc_btn3-shape-round vc_btn3-style-modern vc_btn3-color-primary\" href=\"https:\/\/www.netvoix.com\/es\/contacto\/\" title=\"Contacto\">REFORCEMOS SUS OPERACIONES<\/a><\/div><\/div><\/div><\/div><div class=\"wpb_column vc_column_container vc_col-sm-6 vc_col-has-fill\"><div class=\"vc_column-inner vc_custom_1750965471221\"><div class=\"wpb_wrapper\">\n\t<div class=\"wpb_raw_code wpb_content_element wpb_raw_html\" >\n\t\t<div class=\"wpb_wrapper\">\n\t\t\t<script charset=\"utf-8\" type=\"text\/javascript\" src=\"\/\/js.hsforms.net\/forms\/embed\/v2.js\"><\/script>\n<script>\n  hbspt.forms.create({\n    portalId: \"23380893\",\n    formId: \"8b277a13-8476-4cdd-acfe-ab7ecc0e82ff\",\n    region: \"na1\"\n  });\n<\/script>\n\t\t<\/div>\n\t<\/div>\n<\/div><\/div><\/div><\/div><\/div><div style=\"\" class=\"vc_row wpb_row vc_row-fluid\"><div class=\"row-inner\"><div class=\"wpb_column vc_column_container vc_col-sm-12\"><div class=\"vc_column-inner\"><div class=\"wpb_wrapper\"><div class=\"vc_separator wpb_content_element vc_separator_align_center vc_sep_width_70 vc_sep_border_width_3 vc_sep_pos_align_center vc_separator_no_text\" ><span class=\"vc_sep_holder vc_sep_holder_l\"><span  style=\"border-color:#e0e0e0;\" class=\"vc_sep_line\"><\/span><\/span><span class=\"vc_sep_holder vc_sep_holder_r\"><span  style=\"border-color:#e0e0e0;\" class=\"vc_sep_line\"><\/span><\/span>\n<\/div><\/div><\/div><\/div><\/div><\/div><\/section><section style=\"\" class=\"vc_section vc_custom_1751048438365\"><div style=\"\" class=\"vc_row wpb_row vc_row-fluid vc_custom_1751054119271\"><div class=\"row-inner\"><div class=\"wpb_column vc_column_container vc_col-sm-2\"><div class=\"vc_column-inner\"><div class=\"wpb_wrapper\"><\/div><\/div><\/div><div class=\"wpb_column vc_column_container vc_col-sm-8\"><div class=\"vc_column-inner\"><div class=\"wpb_wrapper\"><h3 style=\"text-align: center\" class=\"vc_custom_heading\" >Nuestras soluciones, a la medida de sus necesidades<\/h3><div class=\"vc_empty_space\"   style=\"height: 20px\"><span class=\"vc_empty_space_inner\"><\/span><\/div>\n\t<div class=\"wpb_text_column wpb_content_element\" >\n\t\t<div class=\"wpb_wrapper\">\n\t\t\t<p style=\"text-align: center;\">Su empresa necesita soluciones inform\u00e1ticas fiables que se adapten a su crecimiento. Ofrecemos una gama de servicios adaptados a los retos espec\u00edficos de su sector, para garantizar que su tecnolog\u00eda respalde su \u00e9xito continuado.<\/p>\n\n\t\t<\/div>\n\t<\/div>\n<\/div><\/div><\/div><div class=\"wpb_column vc_column_container vc_col-sm-2\"><div class=\"vc_column-inner\"><div class=\"wpb_wrapper\"><\/div><\/div><\/div><\/div><\/div><div style=\"\" class=\"vc_row wpb_row vc_row-fluid vc_custom_1751049264048\"><div class=\"row-inner\"><div class=\"wpb_column vc_column_container vc_col-sm-12\"><div class=\"vc_column-inner\"><div class=\"wpb_wrapper\"><ul class=\"iconlist iconlist iconlist-icon-small columns-3 gap-40\"><li><div ><div class=\"iconlist-item-icon\"><i class=\"icon-gears\"><\/i><\/div><div class=\"iconlist-item-content\"><h4>Operaciones de TI gestionadas<\/h4><p>Se centra en minimizar el tiempo de inactividad y garantizar una producci\u00f3n continua, algo fundamental en entornos de fabricaci\u00f3n en los que cada minuto de interrupci\u00f3n puede resultar costoso.<\/div><\/div><\/li><li><div ><div class=\"iconlist-item-icon\"><i class=\"icon-circle-compass\"><\/i><\/div><div class=\"iconlist-item-content\"><h4>Infraestructura y conectividad<\/h4><p>Responde a la necesidad de una conectividad estable en toda la f\u00e1brica y una comunicaci\u00f3n eficaz, esenciales para coordinar equipos, m\u00e1quinas y log\u00edstica.<\/p><p><\/div><\/div><\/li><li><div ><div class=\"iconlist-item-icon\"><i class=\"icon-cloud\"><\/i><\/div><div class=\"iconlist-item-content\"><h4>Datos y soluciones en la nube<\/h4><p>Admite la toma de decisiones basada en datos y la infraestructura escalable, que son cada vez m\u00e1s importantes en la fabricaci\u00f3n y la industria inteligentes.<\/div><\/div><\/li><li><div ><div class=\"iconlist-item-icon\"><i class=\"icon-strategy\"><\/i><\/div><div class=\"iconlist-item-content\"><h4>Estrategia y consultor\u00eda<\/h4><p>Ayuda a los fabricantes a alinear las inversiones en TI con los objetivos de producci\u00f3n, las estrategias de automatizaci\u00f3n y los planes de crecimiento.<\/p><p><\/div><\/div><\/li><li><div ><div class=\"iconlist-item-icon\"><i class=\"icon-recycle\"><\/i><\/div><div class=\"iconlist-item-content\"><h4>Continuidad de las actividades<\/h4><p>Garantiza la protecci\u00f3n de datos y una r\u00e1pida recuperaci\u00f3n, lo que es vital para mantener los plazos de producci\u00f3n y evitar costosos retrasos.<\/div><\/div><\/li><li><div ><div class=\"iconlist-item-icon\"><i class=\"icon-lock\"><\/i><\/div><div class=\"iconlist-item-content\"><h4>Seguridad<\/h4><p>Se centra en la protecci\u00f3n de las redes operativas y los datos sensibles de producci\u00f3n, que son objetivos de gran valor en la fabricaci\u00f3n debido a la dependencia de la propiedad intelectual y la cadena de suministro.<\/div><\/div><\/li><\/ul>\n\t<div class=\"wpb_text_column wpb_content_element\" >\n\t\t<div class=\"wpb_wrapper\">\n\t\t\t<h4 style=\"text-align: center;\"><span style=\"color: #000a46;\">Estamos aqu\u00ed para ayudarle a avanzar con confianza.<\/span> <span style=\"color: #f68c39;\"><a class=\"link\" style=\"color: #f68c39;\" href=\"https:\/\/www.netvoix.com\/es\/contacto\/\">P\u00f3ngase en contacto con nosotros<\/a><\/span><\/h4>\n\n\t\t<\/div>\n\t<\/div>\n<\/div><\/div><\/div><\/div><\/div><\/section><section style=\"\" data-vc-full-width=\"true\" data-vc-full-width-init=\"false\" class=\"vc_section fix-border vc_custom_1751139401616 vc_section-has-fill\"><div style=\"\" class=\"vc_row wpb_row vc_row-fluid\"><div class=\"row-inner\"><div class=\"wpb_column vc_column_container vc_col-sm-6\"><div class=\"vc_column-inner vc_custom_1751143801378\"><div class=\"wpb_wrapper\"><h3 style=\"text-align: center\" class=\"vc_custom_heading\" >Perspectivas que impulsan la acci\u00f3n<\/h3><div class=\"vc_empty_space\"   style=\"height: 28px\"><span class=\"vc_empty_space_inner\"><\/span><\/div>\n\t<div class=\"wpb_text_column wpb_content_element\" >\n\t\t<div class=\"wpb_wrapper\">\n\t\t\t<p>Un estudio reciente<a href=\"https:\/\/www.deloitte.com\/us\/en\/insights\/industry\/manufacturing-industrial-products\/2025-smart-manufacturing-survey.html\" target=\"_blank\" rel=\"noopener\"><strong>Encuesta sobre fabricaci\u00f3n inteligente 2025 de Deloitte<\/strong><\/a>-demuestra que los fabricantes se centran estrat\u00e9gicamente<span style=\"box-sizing: border-box; margin: 0px; padding: 0px;\"><span style=\"box-sizing: border-box; margin: 0px; padding: 0px;\">\u00a0en\u00a0<strong>an\u00e1lisis de datos, computaci\u00f3n en la nube y hardware de automatizaci\u00f3n, <\/strong>que son<\/span>\u00a0<\/span>configurar el futuro de la producci\u00f3n.<\/p>\n<p>Este cambio no consiste en perseguir tendencias. Se trata de construir\u00a0<strong>operaciones m\u00e1s inteligentes y resistentes<\/strong>\u00a0que pueda adaptarse y ampliarse.<\/p>\n\n\t\t<\/div>\n\t<\/div>\n<div class=\"vc_row wpb_row vc_inner vc_row-fluid vc_custom_1751144000196\"><div class=\"wpb_column vc_column_container vc_col-sm-6\"><div class=\"vc_column-inner vc_custom_1751143701840\"><div class=\"wpb_wrapper\">\n\t<div class=\"wpb_text_column wpb_content_element\" >\n\t\t<div class=\"wpb_wrapper\">\n\t\t\t<h1 style=\"text-align: center; color: #f68c39; margin-bottom: 0.2em;\">86%<\/h1>\n<p style=\"text-align: center; margin-top: 0; line-height: 1;\">est\u00e1n invirtiendo en datos, nube y automatizaci\u00f3n para mejorar la toma de decisiones.<\/p>\n\n\t\t<\/div>\n\t<\/div>\n<\/div><\/div><\/div><div class=\"wpb_column vc_column_container vc_col-sm-6\"><div class=\"vc_column-inner vc_custom_1751143709344\"><div class=\"wpb_wrapper\">\n\t<div class=\"wpb_text_column wpb_content_element\" >\n\t\t<div class=\"wpb_wrapper\">\n\t\t\t<h1 style=\"text-align: center; color: #f68c39; margin-bottom: 0.2em;\">95%<\/h1>\n<p style=\"text-align: center; margin-top: 0; line-height: 1;\">mantienen o aumentan sus inversiones en fabricaci\u00f3n inteligente.<\/p>\n\n\t\t<\/div>\n\t<\/div>\n<\/div><\/div><\/div><\/div><div class=\"vc_btn3-container vc_btn3-center\" ><a class=\"vc_general vc_btn3 vc_btn3-size-md vc_btn3-shape-round vc_btn3-style-modern vc_btn3-color-primary\" href=\"https:\/\/www.netvoix.com\/es\/contacto\/\" title=\"Contacto\">EXPLORA TU PR\u00d3XIMO PASO<\/a><\/div><\/div><\/div><\/div><div class=\"wpb_column vc_column_container vc_col-sm-6 vc_col-has-fill\"><div class=\"vc_column-inner vc_custom_1750968131166\"><div class=\"wpb_wrapper\">\n\t<div  class=\"wpb_single_image wpb_content_element vc_align_center\">\n\t\t\n\t\t<figure class=\"wpb_wrapper vc_figure\">\n\t\t\t<div class=\"vc_single_image-wrapper   vc_box_border_grey\"><img loading=\"lazy\" decoding=\"async\" data-vc-zoom=\"https:\/\/www.netvoix.com\/wp-content\/uploads\/2025\/06\/Deloitte-Manufacturing-1024x987.png\" width=\"900\" height=\"867\" src=\"https:\/\/www.netvoix.com\/wp-content\/uploads\/2025\/06\/Deloitte-Manufacturing-1024x987.png\" class=\"vc_single_image-img attachment-large\" alt=\"Deloitte Fabricaci\u00f3n\" title=\"Deloitte Fabricaci\u00f3n\" srcset=\"https:\/\/www.netvoix.com\/wp-content\/uploads\/2025\/06\/Deloitte-Manufacturing-1024x987.png 1024w, https:\/\/www.netvoix.com\/wp-content\/uploads\/2025\/06\/Deloitte-Manufacturing-300x289.png 300w, https:\/\/www.netvoix.com\/wp-content\/uploads\/2025\/06\/Deloitte-Manufacturing-768x740.png 768w, https:\/\/www.netvoix.com\/wp-content\/uploads\/2025\/06\/Deloitte-Manufacturing-1536x1480.png 1536w, https:\/\/www.netvoix.com\/wp-content\/uploads\/2025\/06\/Deloitte-Manufacturing-2048x1974.png 2048w, https:\/\/www.netvoix.com\/wp-content\/uploads\/2025\/06\/Deloitte-Manufacturing-12x12.png 12w\" sizes=\"auto, (max-width: 900px) 100vw, 900px\" \/><\/div>\n\t\t<\/figure>\n\t<\/div>\n<\/div><\/div><\/div><\/div><\/div><\/section><div class=\"vc_row-full-width vc_clearfix\"><\/div><section style=\"\" data-vc-full-width=\"true\" data-vc-full-width-init=\"false\" class=\"vc_section vc_custom_1751144118283\"><div style=\"\" class=\"vc_row wpb_row vc_row-fluid\"><div class=\"row-inner\"><div class=\"wpb_column vc_column_container vc_col-sm-2\/5\"><div class=\"vc_column-inner\"><div class=\"wpb_wrapper\">\n\t<div  class=\"wpb_single_image wpb_content_element vc_align_left\">\n\t\t\n\t\t<figure class=\"wpb_wrapper vc_figure\">\n\t\t\t<div class=\"vc_single_image-wrapper   vc_box_border_grey\"><img loading=\"lazy\" decoding=\"async\" width=\"900\" height=\"600\" src=\"https:\/\/www.netvoix.com\/wp-content\/uploads\/2025\/06\/toy-manufacturing-min-1024x683.jpg\" class=\"vc_single_image-img attachment-large\" alt=\"fabricaci\u00f3n de juguetes min\" title=\"fabricaci\u00f3n de juguetes min\" srcset=\"https:\/\/www.netvoix.com\/wp-content\/uploads\/2025\/06\/toy-manufacturing-min-1024x683.jpg 1024w, https:\/\/www.netvoix.com\/wp-content\/uploads\/2025\/06\/toy-manufacturing-min-300x200.jpg 300w, https:\/\/www.netvoix.com\/wp-content\/uploads\/2025\/06\/toy-manufacturing-min-768x512.jpg 768w, https:\/\/www.netvoix.com\/wp-content\/uploads\/2025\/06\/toy-manufacturing-min-1536x1024.jpg 1536w, https:\/\/www.netvoix.com\/wp-content\/uploads\/2025\/06\/toy-manufacturing-min-2048x1365.jpg 2048w, https:\/\/www.netvoix.com\/wp-content\/uploads\/2025\/06\/toy-manufacturing-min-18x12.jpg 18w\" sizes=\"auto, (max-width: 900px) 100vw, 900px\" \/><\/div>\n\t\t<\/figure>\n\t<\/div>\n<\/div><\/div><\/div><div class=\"wpb_column vc_column_container vc_col-sm-3\/5 vc_col-has-fill\"><div class=\"vc_column-inner vc_custom_1750968131166\"><div class=\"wpb_wrapper\"><h6 style=\"color: #5ab6dd;text-align: center\" class=\"vc_custom_heading style1\" >Estudio de caso<\/h6><div class=\"vc_empty_space\"   style=\"height: 20px\"><span class=\"vc_empty_space_inner\"><\/span><\/div><h3 style=\"text-align: center\" class=\"vc_custom_heading\" >TI moderna, equipos m\u00e1s felices, mejor producci\u00f3n<\/h3><div class=\"vc_empty_space\"   style=\"height: 32px\"><span class=\"vc_empty_space_inner\"><\/span><\/div>\n\t<div class=\"wpb_text_column wpb_content_element\" >\n\t\t<div class=\"wpb_wrapper\">\n\t\t\t<p style=\"text-align: center;\">Un peque\u00f1o fabricante de juguetes se asoci\u00f3 con NetVoiX para superar sistemas obsoletos, personal de TI limitado y crecientes riesgos de ciberseguridad. Gracias a nuestros servicios gestionados, optimizamos las operaciones, mejoramos el tiempo de actividad y creamos una base escalable para el crecimiento.<\/p>\n\n\t\t<\/div>\n\t<\/div>\n<div class=\"vc_empty_space\"   style=\"height: 32px\"><span class=\"vc_empty_space_inner\"><\/span><\/div><div class=\"vc_btn3-container vc_btn3-center\" ><a class=\"vc_general vc_btn3 vc_btn3-size-md vc_btn3-shape-round vc_btn3-style-modern vc_btn3-color-primary\" href=\"https:\/\/www.netvoix.com\/es\/contacto\/\" title=\"Contacto\">LEER LA HISTORIA COMPLETA<\/a><\/div><\/div><\/div><\/div><\/div><\/div><\/section><div class=\"vc_row-full-width vc_clearfix\"><\/div>","protected":false},"excerpt":{"rendered":"Technology that drives Manufacturing Production. Failures often hide where no one\u2019s looking. At NetVoiX, we keep your IT infrastructure stable, aligned with your production goals, and ready for anything. CONNECT WITH OUR EXPERTSWhat challenges are you facing today?Cybersecurity &amp; IP RiskAre you confident your infrastructure is protected against today\u2019s evolving threats?Minimizing Production DowntimeHow much does [...]","protected":false},"author":3,"featured_media":0,"parent":0,"menu_order":0,"comment_status":"closed","ping_status":"closed","template":"","meta":{"content-type":"","footnotes":""},"class_list":["post-9174","page","type-page","status-publish","hentry"],"acf":[],"yoast_head":"<!-- This site is optimized with the Yoast SEO plugin v27.2 - https:\/\/yoast.com\/product\/yoast-seo-wordpress\/ -->\n<title>Manufacturing - NetVoiX<\/title>\n<meta name=\"robots\" content=\"index, follow, max-snippet:-1, max-image-preview:large, max-video-preview:-1\" \/>\n<link rel=\"canonical\" href=\"https:\/\/www.netvoix.com\/es\/fabricacion\/\" \/>\n<meta property=\"og:locale\" content=\"es_ES\" \/>\n<meta property=\"og:type\" content=\"article\" \/>\n<meta property=\"og:title\" content=\"Manufacturing - NetVoiX\" \/>\n<meta property=\"og:url\" content=\"https:\/\/www.netvoix.com\/es\/fabricacion\/\" \/>\n<meta property=\"og:site_name\" content=\"NetVoiX\" \/>\n<meta property=\"article:publisher\" content=\"https:\/\/www.facebook.com\/people\/Netvoix-Inc\/100064032305668\/\" \/>\n<meta property=\"article:modified_time\" content=\"2025-06-28T21:01:11+00:00\" \/>\n<meta property=\"og:image\" content=\"https:\/\/www.netvoix.com\/wp-content\/uploads\/2022\/04\/cropped-netvoix_logo_voip.png\" \/>\n\t<meta property=\"og:image:width\" content=\"512\" \/>\n\t<meta property=\"og:image:height\" content=\"512\" \/>\n\t<meta property=\"og:image:type\" content=\"image\/png\" \/>\n<meta name=\"twitter:card\" content=\"summary_large_image\" \/>\n<meta name=\"twitter:site\" content=\"@netvoix\" \/>\n<meta name=\"twitter:label1\" content=\"Tiempo de lectura\" \/>\n\t<meta name=\"twitter:data1\" content=\"3 minutos\" \/>\n<script type=\"application\/ld+json\" class=\"yoast-schema-graph\">{\"@context\":\"https:\/\/schema.org\",\"@graph\":[{\"@type\":\"WebPage\",\"@id\":\"https:\/\/www.netvoix.com\/manufacturing\/\",\"url\":\"https:\/\/www.netvoix.com\/manufacturing\/\",\"name\":\"Manufacturing - NetVoiX\",\"isPartOf\":{\"@id\":\"https:\/\/www.netvoix.com\/#website\"},\"datePublished\":\"2025-06-28T20:56:21+00:00\",\"dateModified\":\"2025-06-28T21:01:11+00:00\",\"breadcrumb\":{\"@id\":\"https:\/\/www.netvoix.com\/manufacturing\/#breadcrumb\"},\"inLanguage\":\"es\",\"potentialAction\":[{\"@type\":\"ReadAction\",\"target\":[\"https:\/\/www.netvoix.com\/manufacturing\/\"]}]},{\"@type\":\"BreadcrumbList\",\"@id\":\"https:\/\/www.netvoix.com\/manufacturing\/#breadcrumb\",\"itemListElement\":[{\"@type\":\"ListItem\",\"position\":1,\"name\":\"Home\",\"item\":\"https:\/\/www.netvoix.com\/\"},{\"@type\":\"ListItem\",\"position\":2,\"name\":\"Manufacturing\"}]},{\"@type\":\"WebSite\",\"@id\":\"https:\/\/www.netvoix.com\/#website\",\"url\":\"https:\/\/www.netvoix.com\/\",\"name\":\"NetVoiX\",\"description\":\"Managed IT Services. Network and Wireless Infrastructure\",\"publisher\":{\"@id\":\"https:\/\/www.netvoix.com\/#organization\"},\"potentialAction\":[{\"@type\":\"SearchAction\",\"target\":{\"@type\":\"EntryPoint\",\"urlTemplate\":\"https:\/\/www.netvoix.com\/?s={search_term_string}\"},\"query-input\":{\"@type\":\"PropertyValueSpecification\",\"valueRequired\":true,\"valueName\":\"search_term_string\"}}],\"inLanguage\":\"es\"},{\"@type\":\"Organization\",\"@id\":\"https:\/\/www.netvoix.com\/#organization\",\"name\":\"NetVoiX\",\"url\":\"https:\/\/www.netvoix.com\/\",\"logo\":{\"@type\":\"ImageObject\",\"inLanguage\":\"es\",\"@id\":\"https:\/\/www.netvoix.com\/#\/schema\/logo\/image\/\",\"url\":\"https:\/\/www.netvoix.com\/wp-content\/uploads\/2022\/05\/logo_website_v1.png\",\"contentUrl\":\"https:\/\/www.netvoix.com\/wp-content\/uploads\/2022\/05\/logo_website_v1.png\",\"width\":300,\"height\":100,\"caption\":\"NetVoiX\"},\"image\":{\"@id\":\"https:\/\/www.netvoix.com\/#\/schema\/logo\/image\/\"},\"sameAs\":[\"https:\/\/www.facebook.com\/people\/Netvoix-Inc\/100064032305668\/\",\"https:\/\/x.com\/netvoix\",\"https:\/\/www.linkedin.com\/company\/3362194\/admin\/\"]}]}<\/script>\n<!-- \/ Yoast SEO plugin. -->","yoast_head_json":{"title":"Fabricaci\u00f3n - NetVoiX","robots":{"index":"index","follow":"follow","max-snippet":"max-snippet:-1","max-image-preview":"max-image-preview:large","max-video-preview":"max-video-preview:-1"},"canonical":"https:\/\/www.netvoix.com\/es\/fabricacion\/","og_locale":"es_ES","og_type":"article","og_title":"Manufacturing - NetVoiX","og_url":"https:\/\/www.netvoix.com\/es\/fabricacion\/","og_site_name":"NetVoiX","article_publisher":"https:\/\/www.facebook.com\/people\/Netvoix-Inc\/100064032305668\/","article_modified_time":"2025-06-28T21:01:11+00:00","og_image":[{"width":512,"height":512,"url":"https:\/\/www.netvoix.com\/wp-content\/uploads\/2022\/04\/cropped-netvoix_logo_voip.png","type":"image\/png"}],"twitter_card":"summary_large_image","twitter_site":"@netvoix","twitter_misc":{"Tiempo de lectura":"3 minutos"},"schema":{"@context":"https:\/\/schema.org","@graph":[{"@type":"WebPage","@id":"https:\/\/www.netvoix.com\/manufacturing\/","url":"https:\/\/www.netvoix.com\/manufacturing\/","name":"Fabricaci\u00f3n - NetVoiX","isPartOf":{"@id":"https:\/\/www.netvoix.com\/#website"},"datePublished":"2025-06-28T20:56:21+00:00","dateModified":"2025-06-28T21:01:11+00:00","breadcrumb":{"@id":"https:\/\/www.netvoix.com\/manufacturing\/#breadcrumb"},"inLanguage":"es","potentialAction":[{"@type":"ReadAction","target":["https:\/\/www.netvoix.com\/manufacturing\/"]}]},{"@type":"BreadcrumbList","@id":"https:\/\/www.netvoix.com\/manufacturing\/#breadcrumb","itemListElement":[{"@type":"ListItem","position":1,"name":"Home","item":"https:\/\/www.netvoix.com\/"},{"@type":"ListItem","position":2,"name":"Manufacturing"}]},{"@type":"WebSite","@id":"https:\/\/www.netvoix.com\/#website","url":"https:\/\/www.netvoix.com\/","name":"NetVoiX","description":"Servicios de TI gestionados. Infraestructura de red e inal\u00e1mbrica","publisher":{"@id":"https:\/\/www.netvoix.com\/#organization"},"potentialAction":[{"@type":"SearchAction","target":{"@type":"EntryPoint","urlTemplate":"https:\/\/www.netvoix.com\/?s={search_term_string}"},"query-input":{"@type":"PropertyValueSpecification","valueRequired":true,"valueName":"search_term_string"}}],"inLanguage":"es"},{"@type":"Organization","@id":"https:\/\/www.netvoix.com\/#organization","name":"NetVoiX","url":"https:\/\/www.netvoix.com\/","logo":{"@type":"ImageObject","inLanguage":"es","@id":"https:\/\/www.netvoix.com\/#\/schema\/logo\/image\/","url":"https:\/\/www.netvoix.com\/wp-content\/uploads\/2022\/05\/logo_website_v1.png","contentUrl":"https:\/\/www.netvoix.com\/wp-content\/uploads\/2022\/05\/logo_website_v1.png","width":300,"height":100,"caption":"NetVoiX"},"image":{"@id":"https:\/\/www.netvoix.com\/#\/schema\/logo\/image\/"},"sameAs":["https:\/\/www.facebook.com\/people\/Netvoix-Inc\/100064032305668\/","https:\/\/x.com\/netvoix","https:\/\/www.linkedin.com\/company\/3362194\/admin\/"]}]}},"_links":{"self":[{"href":"https:\/\/www.netvoix.com\/es\/wp-json\/wp\/v2\/pages\/9174","targetHints":{"allow":["GET"]}}],"collection":[{"href":"https:\/\/www.netvoix.com\/es\/wp-json\/wp\/v2\/pages"}],"about":[{"href":"https:\/\/www.netvoix.com\/es\/wp-json\/wp\/v2\/types\/page"}],"author":[{"embeddable":true,"href":"https:\/\/www.netvoix.com\/es\/wp-json\/wp\/v2\/users\/3"}],"replies":[{"embeddable":true,"href":"https:\/\/www.netvoix.com\/es\/wp-json\/wp\/v2\/comments?post=9174"}],"version-history":[{"count":80,"href":"https:\/\/www.netvoix.com\/es\/wp-json\/wp\/v2\/pages\/9174\/revisions"}],"predecessor-version":[{"id":9297,"href":"https:\/\/www.netvoix.com\/es\/wp-json\/wp\/v2\/pages\/9174\/revisions\/9297"}],"wp:attachment":[{"href":"https:\/\/www.netvoix.com\/es\/wp-json\/wp\/v2\/media?parent=9174"}],"curies":[{"name":"wp","href":"https:\/\/api.w.org\/{rel}","templated":true}]}}