{"id":8700,"date":"2025-05-06T21:23:04","date_gmt":"2025-05-06T21:23:04","guid":{"rendered":"https:\/\/www.netvoix.com\/?page_id=8700"},"modified":"2025-05-12T22:23:44","modified_gmt":"2025-05-12T22:23:44","slug":"bufetes-de-abogados","status":"publish","type":"page","link":"https:\/\/www.netvoix.com\/es\/law-firms\/","title":{"rendered":"Despachos de abogados"},"content":{"rendered":"<section style=\"background-position: center center !important; background-size: 100% auto !important;\" data-vc-full-width=\"true\" data-vc-full-width-init=\"false\" class=\"vc_section vc_custom_1746198436815 vc_section-has-fill\"><div style=\"\" class=\"vc_row wpb_row vc_row-fluid\"><div class=\"row-inner\"><div class=\"wpb_column vc_column_container vc_col-sm-6\"><div class=\"vc_column-inner\"><div class=\"wpb_wrapper\"><h1 style=\"color: #ffffff;text-align: left\" class=\"vc_custom_heading .white-text-shadow { color: white; text-shadow: 1px 1px 2px rgba(0, 0, 0, 0.6); }\" >Tu despacho<br \/>\nSeguro<br \/>\n\u00c1gil<br \/>\nRespaldado<\/h1><div class=\"vc_empty_space\"   style=\"height: 20px\"><span class=\"vc_empty_space_inner\"><\/span><\/div><div class=\"vc_btn3-container vc_btn3-inline\" ><a class=\"vc_general vc_btn3 vc_btn3-size-md vc_btn3-shape-round vc_btn3-style-modern vc_btn3-color-primary\" href=\"https:\/\/meetings.hubspot.com\/harrison136\" title=\"\" target=\"_blank\">RESERVA UNA CONSULTA GRATUITA DE 30 MINUTOS<\/a><\/div><\/div><\/div><\/div><div class=\"wpb_column vc_column_container vc_col-sm-6\"><div class=\"vc_column-inner\"><div class=\"wpb_wrapper\"><\/div><\/div><\/div><\/div><\/div><\/section><div class=\"vc_row-full-width vc_clearfix\"><\/div><section style=\"\" data-vc-full-width=\"true\" data-vc-full-width-init=\"false\" class=\"vc_section vc_custom_1746200200141\"><div style=\"\" class=\"vc_row wpb_row vc_row-fluid vc_custom_1746202207916 vc_column-gap-1 vc_row-o-full-height vc_row-o-columns-middle vc_row-o-equal-height vc_row-flex\"><div class=\"row-inner\"><div class=\"wpb_column vc_column_container vc_col-sm-6\"><div class=\"vc_column-inner vc_custom_1746478060591\"><div class=\"wpb_wrapper\"><h3 style=\"text-align: left\" class=\"vc_custom_heading .white-text-shadow { color: white; text-shadow: 1px 1px 2px rgba(0, 0, 0, 0.6); }\" >\u00bfTu bufete dedica m\u00e1s tiempo a las TI que al ejercicio de la abogac\u00eda?<\/h3><div class=\"vc_empty_space\"   style=\"height: 20px\"><span class=\"vc_empty_space_inner\"><\/span><\/div>\n\t<div class=\"wpb_text_column wpb_content_element\" >\n\t\t<div class=\"wpb_wrapper\">\n\t\t\t<p class=\"\" data-start=\"252\" data-end=\"309\">La tecnolog\u00eda debe apoyar tu consulta, no ralentizarla.<\/p>\n<p class=\"\" data-start=\"311\" data-end=\"575\">Seg\u00fan la Encuesta sobre <a href=\"https:\/\/www.reuters.com\/legal\/legalindustry\/us-legal-industrys-china-retreat-gained-steam-2024-2024-12-26\/?utm_source=chatgpt.com\" target=\"_blank\" rel=\"noopener\">Tecnolog\u00eda para bufetes de abogados de Tabush Group<\/a>en 2024, casi el 80% de los bufetes de abogados estadounidenses externalizaron parte o la totalidad de su gesti\u00f3n inform\u00e1tica.<\/p>\n<p><strong>\u00bfPor qu\u00e9? <\/strong>Porque la gesti\u00f3n interna de la infraestructura de red es cada vez m\u00e1s compleja, requiere m\u00e1s tiempo y desv\u00eda la atenci\u00f3n del trabajo jur\u00eddico principal.<\/p>\n<p>Una conectividad poco fiable, un hardware obsoleto y la falta de visibilidad del rendimiento de la red pueden interrumpir el servicio al cliente y da\u00f1ar la reputaci\u00f3n de su bufete. A medida que las operaciones jur\u00eddicas se vuelven m\u00e1s digitales y distribuidas, disponer de una red estable y bien gestionada ya no es opcional, sino esencial.<\/p>\n\n\t\t<\/div>\n\t<\/div>\n<div class=\"vc_empty_space\"   style=\"height: 40px\"><span class=\"vc_empty_space_inner\"><\/span><\/div><div class=\"vc_btn3-container vc_btn3-inline\" ><a class=\"vc_general vc_btn3 vc_btn3-size-md vc_btn3-shape-round vc_btn3-style-modern vc_btn3-color-primary\" href=\"https:\/\/www.netvoix.com\/es\/contacto\/\" title=\"Contacto\" target=\"_blank\">\u00bfPREPARADO PARA SIMPLIFICAR TU IT?<\/a><\/div><\/div><\/div><\/div><div class=\"wpb_column vc_column_container vc_col-sm-6 vc_col-has-fill\"><div class=\"vc_column-inner vc_custom_1746200440989\"><div class=\"wpb_wrapper\"><h4 style=\"text-align: center\" class=\"vc_custom_heading .white-text-shadow { color: white; text-shadow: 1px 1px 2px rgba(0, 0, 0, 0.6); }\" >\u00bfLos frustrantes problemas inform\u00e1ticos interrumpen sus horas facturables y le distraen de atender a sus clientes?<\/h4><div class=\"vc_empty_space\"   style=\"height: 20px\"><span class=\"vc_empty_space_inner\"><\/span><\/div>\n\t<div class=\"wpb_raw_code wpb_content_element wpb_raw_html\" >\n\t\t<div class=\"wpb_wrapper\">\n\t\t\t<script charset=\"utf-8\" type=\"text\/javascript\" src=\"\/\/js.hsforms.net\/forms\/embed\/v2.js\"><\/script>\n<script>\n  hbspt.forms.create({\n    portalId: \"23380893\",\n    formId: \"dd8085f7-0835-4bee-9a6b-086458b0952e\",\n    region: \"na1\"\n  });\n<\/script>\n\t\t<\/div>\n\t<\/div>\n<\/div><\/div><\/div><\/div><\/div><\/section><div class=\"vc_row-full-width vc_clearfix\"><\/div><section style=\"\" class=\"vc_section vc_custom_1746205704829\"><div style=\"\" class=\"vc_row wpb_row vc_row-fluid\"><div class=\"row-inner\"><div class=\"wpb_column vc_column_container vc_col-sm-2\"><div class=\"vc_column-inner\"><div class=\"wpb_wrapper\"><\/div><\/div><\/div><div class=\"wpb_column vc_column_container vc_col-sm-8\"><div class=\"vc_column-inner\"><div class=\"wpb_wrapper\"><h3 style=\"text-align: center\" class=\"vc_custom_heading\" >TI seguras y en cumplimiento<br \/>\nProtege a tu empresa y a tus clientes.<\/h3><div class=\"vc_empty_space\"   style=\"height: 60px\"><span class=\"vc_empty_space_inner\"><\/span><\/div><\/div><\/div><\/div><div class=\"wpb_column vc_column_container vc_col-sm-2\"><div class=\"vc_column-inner\"><div class=\"wpb_wrapper\"><\/div><\/div><\/div><\/div><\/div><div style=\"\" class=\"vc_row wpb_row vc_row-fluid\"><div class=\"row-inner\"><div class=\"wpb_column vc_column_container vc_col-sm-12\"><div class=\"vc_column-inner\"><div class=\"wpb_wrapper\"><ul class=\"iconlist iconlist iconlist-icon-small columns-3 gap-60\"><li><div ><div class=\"iconlist-item-icon\"><i class=\"icon-cloud\"><\/i><\/div><div class=\"iconlist-item-content\"><h4 class=\"p1\">Servicios en la Nube<\/h4><p class=\"p1\">Mejora sin esfuerzo la accesibilidad y escalabilidad de tus aplicaciones y datos jur\u00eddicos mediante soluciones en la nube.<\/p><p><\/div><\/div><\/li><li><div ><div class=\"iconlist-item-icon\"><i class=\"icon-lock\"><\/i><\/div><div class=\"iconlist-item-content\"><h4 class=\"p1\">Ciberseguridad<\/h4><p class=\"p1\">Protege la informaci\u00f3n confidencial de los clientes de la empresa frente a ciberataques con medidas de seguridad avanzadas.<\/p><p><\/div><\/div><\/li><li><div ><div class=\"iconlist-item-icon\"><i class=\"icon-layers\"><\/i><\/div><div class=\"iconlist-item-content\"><h4 class=\"p1\">Copias de seguridad y recuperaci\u00f3n<\/h4><p class=\"p1\">Garantiza la disponibilidad e integridad de los datos jur\u00eddicos cr\u00edticos con s\u00f3lidas soluciones de copia de seguridad y recuperaci\u00f3n tras desastres.<\/p><p><\/div><\/div><\/li><li><div ><div class=\"iconlist-item-icon\"><i class=\"icon-adjustments\"><\/i><\/div><div class=\"iconlist-item-content\"><h4 class=\"p1\">Centro de Datos<\/h4><p class=\"p1\">Soluciones de infraestructura s\u00f3lidas para satisfacer las necesidades de datos de la empresa<\/p><p><\/div><\/div><\/li><li><div ><div class=\"iconlist-item-icon\"><i class=\"icon-puzzle\"><\/i><\/div><div class=\"iconlist-item-content\"><h4 class=\"p1\">Herramientas modernas de productividad<\/h4><p class=\"p1\">Simplifica la colaboraci\u00f3n y la gesti\u00f3n de archivos con herramientas en la nube como Drive, Docs, Teams o SharePoint, tanto si usas Microsoft 365 como Google Workspace.<\/p><p><\/div><\/div><\/li><li><div ><div class=\"iconlist-item-icon\"><i class=\"icon-toolbox\"><\/i><\/div><div class=\"iconlist-item-content\"><h4 class=\"p1\">Consultor\u00eda de TI<\/h4><p class=\"p1\">Saca partido con nuestro conocimiento del sector para desarrollar estrategias de TI eficaces que se ajustan a los objetivos de tu empresa.<\/p><p><\/div><\/div><\/li><\/ul><\/div><\/div><\/div><\/div><\/div><div style=\"\" class=\"vc_row wpb_row vc_row-fluid vc_custom_1746802326386\"><div class=\"row-inner\"><div class=\"wpb_column vc_column_container vc_col-sm-12\"><div class=\"vc_column-inner\"><div class=\"wpb_wrapper\"><div class=\"vc_btn3-container vc_btn3-center\" ><a class=\"vc_general vc_btn3 vc_btn3-size-md vc_btn3-shape-round vc_btn3-style-modern vc_btn3-color-primary\" href=\"https:\/\/www.netvoix.com\/es\/contacto\/\" title=\"Contacto\" target=\"_blank\">M\u00c1S INFORMACI\u00d3N<\/a><\/div><\/div><\/div><\/div><\/div><\/div><\/section><section style=\"\" data-vc-full-width=\"true\" data-vc-full-width-init=\"false\" class=\"vc_section vc_custom_1746478337037 vc_section-has-fill\"><div style=\"\" class=\"vc_row wpb_row vc_row-fluid\"><div class=\"row-inner\"><div class=\"wpb_column vc_column_container vc_col-sm-6\"><div class=\"vc_column-inner\"><div class=\"wpb_wrapper\"><h3 style=\"text-align: center\" class=\"vc_custom_heading\" >\u00bfPor qu\u00e9 los bufetes externalizan las TI?<\/h3><div class=\"vc_empty_space\"   style=\"height: 20px\"><span class=\"vc_empty_space_inner\"><\/span><\/div>\n\t<div class=\"wpb_text_column wpb_content_element\" >\n\t\t<div class=\"wpb_wrapper\">\n\t\t\t<p>Descubre las ventajas estrat\u00e9gicas de asociarte con un proveedor de servicios inform\u00e1ticos especializado.<\/p>\n\n\t\t<\/div>\n\t<\/div>\n<div class=\"vc_empty_space\"   style=\"height: 20px\"><span class=\"vc_empty_space_inner\"><\/span><\/div><ul class=\"iconlist iconlist iconlist-icon-small columns-1 gap-10\"><li><div ><div class=\"iconlist-item-icon\"><i class=\"icon-lock\"><\/i><\/div><div class=\"iconlist-item-content\"><p class=\"p1\"><b>Mayor seguridad de los datos: <\/b>Los bufetes de abogados manejan datos muy sensibles. Nuestras soluciones de ciberseguridad los protegen con medidas avanzadas de prevenci\u00f3n de amenazas, cifrado y cumplimiento normativo.<\/p><p><\/div><\/div><\/li><li><div ><div class=\"iconlist-item-icon\"><i class=\"icon-target\"><\/i><\/div><div class=\"iconlist-item-content\"><strong data-start=\"532\" data-end=\"565\">Control de costes y previsibilidad: <\/strong>La externalizaci\u00f3n ofrece ahorros al proporcionar gastos mensuales predecibles. Con nuestros servicios gestionados, apoyamos al equipo sin problemas y eliminamos los tiempos de inactividad inesperados y los costes de reparaci\u00f3n.<\/div><\/div><\/li><li><div ><div class=\"iconlist-item-icon\"><i class=\"icon-presentation\"><\/i><\/div><div class=\"iconlist-item-content\"><p class=\"\" data-start=\"953\" data-end=\"1154\"><strong data-start=\"956\" data-end=\"987\">Crecimiento escalable y estrat\u00e9gico: <\/strong>Los proveedores de TI gestionada ofrecen soluciones escalables que crecen con el bufete, adem\u00e1s de acceso a planificaci\u00f3n estrat\u00e9gica y hojas de ruta tecnol\u00f3gicas alineadas con sus operaciones jur\u00eddicas.<\/p><p><\/div><\/div><\/li><\/ul><div class=\"vc_empty_space\"   style=\"height: 32px\"><span class=\"vc_empty_space_inner\"><\/span><\/div><div class=\"vc_btn3-container vc_btn3-center\" ><a class=\"vc_general vc_btn3 vc_btn3-size-md vc_btn3-shape-round vc_btn3-style-modern vc_btn3-color-primary\" href=\"https:\/\/www.netvoix.com\/es\/contacto\/\" title=\"Contacto\" target=\"_blank\">CONT\u00c1CTENOS<\/a><\/div><\/div><\/div><\/div><div class=\"wpb_column vc_column_container vc_col-sm-6\"><div class=\"vc_column-inner\"><div class=\"wpb_wrapper\">\n\t<div  class=\"wpb_single_image wpb_content_element vc_align_center\">\n\t\t\n\t\t<figure class=\"wpb_wrapper vc_figure\">\n\t\t\t<div class=\"vc_single_image-wrapper   vc_box_border_grey\"><img loading=\"lazy\" decoding=\"async\" class=\"vc_single_image-img\" src=\"https:\/\/www.netvoix.com\/wp-content\/uploads\/2025\/05\/it-support-scaled-400x500.webp\" width=\"400\" height=\"500\" alt=\"soporte it\" title=\"soporte it\" \/><\/div>\n\t\t<\/figure>\n\t<\/div>\n<\/div><\/div><\/div><\/div><\/div><\/section><div class=\"vc_row-full-width vc_clearfix\"><\/div><section style=\"\" data-vc-full-width=\"true\" data-vc-full-width-init=\"false\" class=\"vc_section vc_custom_1746540861659\"><div style=\"\" class=\"vc_row wpb_row vc_row-fluid\"><div class=\"row-inner\"><div class=\"wpb_column vc_column_container vc_col-sm-6\"><div class=\"vc_column-inner\"><div class=\"wpb_wrapper\">\n\t<div  class=\"wpb_single_image wpb_content_element vc_align_center\">\n\t\t\n\t\t<figure class=\"wpb_wrapper vc_figure\">\n\t\t\t<div class=\"vc_single_image-wrapper   vc_box_border_grey\"><img loading=\"lazy\" decoding=\"async\" width=\"900\" height=\"563\" src=\"https:\/\/www.netvoix.com\/wp-content\/uploads\/2025\/05\/vecteezy_happy-middle-aged-business-man-entrepreneur-looking-at_52538217-1024x640.webp\" class=\"vc_single_image-img attachment-large\" alt=\"abogado\" title=\"abogado\" srcset=\"https:\/\/www.netvoix.com\/wp-content\/uploads\/2025\/05\/vecteezy_happy-middle-aged-business-man-entrepreneur-looking-at_52538217-1024x640.webp 1024w, https:\/\/www.netvoix.com\/wp-content\/uploads\/2025\/05\/vecteezy_happy-middle-aged-business-man-entrepreneur-looking-at_52538217-300x188.webp 300w, https:\/\/www.netvoix.com\/wp-content\/uploads\/2025\/05\/vecteezy_happy-middle-aged-business-man-entrepreneur-looking-at_52538217-768x480.webp 768w, https:\/\/www.netvoix.com\/wp-content\/uploads\/2025\/05\/vecteezy_happy-middle-aged-business-man-entrepreneur-looking-at_52538217-1536x960.webp 1536w, https:\/\/www.netvoix.com\/wp-content\/uploads\/2025\/05\/vecteezy_happy-middle-aged-business-man-entrepreneur-looking-at_52538217-2048x1280.webp 2048w, https:\/\/www.netvoix.com\/wp-content\/uploads\/2025\/05\/vecteezy_happy-middle-aged-business-man-entrepreneur-looking-at_52538217-18x12.webp 18w\" sizes=\"auto, (max-width: 900px) 100vw, 900px\" \/><\/div>\n\t\t<\/figure>\n\t<\/div>\n<\/div><\/div><\/div><div class=\"wpb_column vc_column_container vc_col-sm-6\"><div class=\"vc_column-inner\"><div class=\"wpb_wrapper\"><h3 style=\"text-align: center\" class=\"vc_custom_heading\" >\u00bfCansado que la tecnolog\u00eda frene su consulta?<\/h3><div class=\"vc_empty_space\"   style=\"height: 20px\"><span class=\"vc_empty_space_inner\"><\/span><\/div>\n\t<div class=\"wpb_text_column wpb_content_element\" >\n\t\t<div class=\"wpb_wrapper\">\n\t\t\t<p style=\"text-align: center;\">Descubre c\u00f3mo un bufete jur\u00eddico similar super\u00f3 estos retos actualizando su anticuada infraestructura inform\u00e1tica. Nuestro caso pr\u00e1ctico revela los pasos concretos y los resultados tangibles que se obtuvieron: un sistema m\u00e1s r\u00e1pido, seguro y fiable.<\/p>\n\n\t\t<\/div>\n\t<\/div>\n<div class=\"vc_empty_space\"   style=\"height: 20px\"><span class=\"vc_empty_space_inner\"><\/span><\/div><div class=\"vc_btn3-container vc_btn3-center\" ><a class=\"vc_general vc_btn3 vc_btn3-size-md vc_btn3-shape-round vc_btn3-style-modern vc_btn3-color-primary\" href=\"https:\/\/www.netvoix.com\/es\/proyecto\/optimizacion-de-la-modernizacion-de-la-infraestructura-informatica-de-un-bufete-juridico\/\" title=\"\" target=\"_blank\">LEER M\u00c1S<\/a><\/div><\/div><\/div><\/div><\/div><\/div><\/section><div class=\"vc_row-full-width vc_clearfix\"><\/div>","protected":false},"excerpt":{"rendered":"Your Practice. Secured. Streamlined. Supported.BOOK A FREE 30MIN CONSULTATIONIs your Law Firm spending more time on IT than practicing law? Technology should support your practice, not slow it down. According to the Survey on Law Firm Technology by Tabush Group, in 2024, nearly 80% of U.S. law firms outsourced some or all of their IT [...]","protected":false},"author":3,"featured_media":0,"parent":0,"menu_order":0,"comment_status":"closed","ping_status":"closed","template":"","meta":{"content-type":"","footnotes":""},"class_list":["post-8700","page","type-page","status-publish","hentry"],"acf":[],"yoast_head":"<!-- This site is optimized with the Yoast SEO plugin v27.2 - https:\/\/yoast.com\/product\/yoast-seo-wordpress\/ -->\n<title>Law Firms - NetVoiX<\/title>\n<meta name=\"robots\" content=\"index, follow, max-snippet:-1, max-image-preview:large, max-video-preview:-1\" \/>\n<link rel=\"canonical\" href=\"https:\/\/www.netvoix.com\/es\/bufetes-de-abogados\/\" \/>\n<meta property=\"og:locale\" content=\"es_ES\" \/>\n<meta property=\"og:type\" content=\"article\" \/>\n<meta property=\"og:title\" content=\"Law Firms - NetVoiX\" \/>\n<meta property=\"og:url\" content=\"https:\/\/www.netvoix.com\/es\/bufetes-de-abogados\/\" \/>\n<meta property=\"og:site_name\" content=\"NetVoiX\" \/>\n<meta property=\"article:publisher\" content=\"https:\/\/www.facebook.com\/people\/Netvoix-Inc\/100064032305668\/\" \/>\n<meta property=\"article:modified_time\" content=\"2025-05-12T22:23:44+00:00\" \/>\n<meta property=\"og:image\" content=\"https:\/\/www.netvoix.com\/wp-content\/uploads\/2022\/04\/cropped-netvoix_logo_voip.png\" \/>\n\t<meta property=\"og:image:width\" content=\"512\" \/>\n\t<meta property=\"og:image:height\" content=\"512\" \/>\n\t<meta property=\"og:image:type\" content=\"image\/png\" \/>\n<meta name=\"twitter:card\" content=\"summary_large_image\" \/>\n<meta name=\"twitter:site\" content=\"@netvoix\" \/>\n<meta name=\"twitter:label1\" content=\"Tiempo de lectura\" \/>\n\t<meta name=\"twitter:data1\" content=\"4 minutos\" \/>\n<script type=\"application\/ld+json\" class=\"yoast-schema-graph\">{\"@context\":\"https:\/\/schema.org\",\"@graph\":[{\"@type\":\"WebPage\",\"@id\":\"https:\/\/www.netvoix.com\/law-firms\/\",\"url\":\"https:\/\/www.netvoix.com\/law-firms\/\",\"name\":\"Law Firms - NetVoiX\",\"isPartOf\":{\"@id\":\"https:\/\/www.netvoix.com\/#website\"},\"datePublished\":\"2025-05-06T21:23:04+00:00\",\"dateModified\":\"2025-05-12T22:23:44+00:00\",\"breadcrumb\":{\"@id\":\"https:\/\/www.netvoix.com\/law-firms\/#breadcrumb\"},\"inLanguage\":\"es\",\"potentialAction\":[{\"@type\":\"ReadAction\",\"target\":[\"https:\/\/www.netvoix.com\/law-firms\/\"]}]},{\"@type\":\"BreadcrumbList\",\"@id\":\"https:\/\/www.netvoix.com\/law-firms\/#breadcrumb\",\"itemListElement\":[{\"@type\":\"ListItem\",\"position\":1,\"name\":\"Home\",\"item\":\"https:\/\/www.netvoix.com\/\"},{\"@type\":\"ListItem\",\"position\":2,\"name\":\"Law Firms\"}]},{\"@type\":\"WebSite\",\"@id\":\"https:\/\/www.netvoix.com\/#website\",\"url\":\"https:\/\/www.netvoix.com\/\",\"name\":\"NetVoiX\",\"description\":\"Managed IT Services. Network and Wireless Infrastructure\",\"publisher\":{\"@id\":\"https:\/\/www.netvoix.com\/#organization\"},\"potentialAction\":[{\"@type\":\"SearchAction\",\"target\":{\"@type\":\"EntryPoint\",\"urlTemplate\":\"https:\/\/www.netvoix.com\/?s={search_term_string}\"},\"query-input\":{\"@type\":\"PropertyValueSpecification\",\"valueRequired\":true,\"valueName\":\"search_term_string\"}}],\"inLanguage\":\"es\"},{\"@type\":\"Organization\",\"@id\":\"https:\/\/www.netvoix.com\/#organization\",\"name\":\"NetVoiX\",\"url\":\"https:\/\/www.netvoix.com\/\",\"logo\":{\"@type\":\"ImageObject\",\"inLanguage\":\"es\",\"@id\":\"https:\/\/www.netvoix.com\/#\/schema\/logo\/image\/\",\"url\":\"https:\/\/www.netvoix.com\/wp-content\/uploads\/2022\/05\/logo_website_v1.png\",\"contentUrl\":\"https:\/\/www.netvoix.com\/wp-content\/uploads\/2022\/05\/logo_website_v1.png\",\"width\":300,\"height\":100,\"caption\":\"NetVoiX\"},\"image\":{\"@id\":\"https:\/\/www.netvoix.com\/#\/schema\/logo\/image\/\"},\"sameAs\":[\"https:\/\/www.facebook.com\/people\/Netvoix-Inc\/100064032305668\/\",\"https:\/\/x.com\/netvoix\",\"https:\/\/www.linkedin.com\/company\/3362194\/admin\/\"]}]}<\/script>\n<!-- \/ Yoast SEO plugin. -->","yoast_head_json":{"title":"Despachos de abogados - NetVoiX","robots":{"index":"index","follow":"follow","max-snippet":"max-snippet:-1","max-image-preview":"max-image-preview:large","max-video-preview":"max-video-preview:-1"},"canonical":"https:\/\/www.netvoix.com\/es\/bufetes-de-abogados\/","og_locale":"es_ES","og_type":"article","og_title":"Law Firms - NetVoiX","og_url":"https:\/\/www.netvoix.com\/es\/bufetes-de-abogados\/","og_site_name":"NetVoiX","article_publisher":"https:\/\/www.facebook.com\/people\/Netvoix-Inc\/100064032305668\/","article_modified_time":"2025-05-12T22:23:44+00:00","og_image":[{"width":512,"height":512,"url":"https:\/\/www.netvoix.com\/wp-content\/uploads\/2022\/04\/cropped-netvoix_logo_voip.png","type":"image\/png"}],"twitter_card":"summary_large_image","twitter_site":"@netvoix","twitter_misc":{"Tiempo de lectura":"4 minutos"},"schema":{"@context":"https:\/\/schema.org","@graph":[{"@type":"WebPage","@id":"https:\/\/www.netvoix.com\/law-firms\/","url":"https:\/\/www.netvoix.com\/law-firms\/","name":"Despachos de abogados - NetVoiX","isPartOf":{"@id":"https:\/\/www.netvoix.com\/#website"},"datePublished":"2025-05-06T21:23:04+00:00","dateModified":"2025-05-12T22:23:44+00:00","breadcrumb":{"@id":"https:\/\/www.netvoix.com\/law-firms\/#breadcrumb"},"inLanguage":"es","potentialAction":[{"@type":"ReadAction","target":["https:\/\/www.netvoix.com\/law-firms\/"]}]},{"@type":"BreadcrumbList","@id":"https:\/\/www.netvoix.com\/law-firms\/#breadcrumb","itemListElement":[{"@type":"ListItem","position":1,"name":"Home","item":"https:\/\/www.netvoix.com\/"},{"@type":"ListItem","position":2,"name":"Law Firms"}]},{"@type":"WebSite","@id":"https:\/\/www.netvoix.com\/#website","url":"https:\/\/www.netvoix.com\/","name":"NetVoiX","description":"Servicios de TI gestionados. Infraestructura de red e inal\u00e1mbrica","publisher":{"@id":"https:\/\/www.netvoix.com\/#organization"},"potentialAction":[{"@type":"SearchAction","target":{"@type":"EntryPoint","urlTemplate":"https:\/\/www.netvoix.com\/?s={search_term_string}"},"query-input":{"@type":"PropertyValueSpecification","valueRequired":true,"valueName":"search_term_string"}}],"inLanguage":"es"},{"@type":"Organization","@id":"https:\/\/www.netvoix.com\/#organization","name":"NetVoiX","url":"https:\/\/www.netvoix.com\/","logo":{"@type":"ImageObject","inLanguage":"es","@id":"https:\/\/www.netvoix.com\/#\/schema\/logo\/image\/","url":"https:\/\/www.netvoix.com\/wp-content\/uploads\/2022\/05\/logo_website_v1.png","contentUrl":"https:\/\/www.netvoix.com\/wp-content\/uploads\/2022\/05\/logo_website_v1.png","width":300,"height":100,"caption":"NetVoiX"},"image":{"@id":"https:\/\/www.netvoix.com\/#\/schema\/logo\/image\/"},"sameAs":["https:\/\/www.facebook.com\/people\/Netvoix-Inc\/100064032305668\/","https:\/\/x.com\/netvoix","https:\/\/www.linkedin.com\/company\/3362194\/admin\/"]}]}},"_links":{"self":[{"href":"https:\/\/www.netvoix.com\/es\/wp-json\/wp\/v2\/pages\/8700","targetHints":{"allow":["GET"]}}],"collection":[{"href":"https:\/\/www.netvoix.com\/es\/wp-json\/wp\/v2\/pages"}],"about":[{"href":"https:\/\/www.netvoix.com\/es\/wp-json\/wp\/v2\/types\/page"}],"author":[{"embeddable":true,"href":"https:\/\/www.netvoix.com\/es\/wp-json\/wp\/v2\/users\/3"}],"replies":[{"embeddable":true,"href":"https:\/\/www.netvoix.com\/es\/wp-json\/wp\/v2\/comments?post=8700"}],"version-history":[{"count":84,"href":"https:\/\/www.netvoix.com\/es\/wp-json\/wp\/v2\/pages\/8700\/revisions"}],"predecessor-version":[{"id":8985,"href":"https:\/\/www.netvoix.com\/es\/wp-json\/wp\/v2\/pages\/8700\/revisions\/8985"}],"wp:attachment":[{"href":"https:\/\/www.netvoix.com\/es\/wp-json\/wp\/v2\/media?parent=8700"}],"curies":[{"name":"wp","href":"https:\/\/api.w.org\/{rel}","templated":true}]}}