{"id":8252,"date":"2024-10-14T20:25:23","date_gmt":"2024-10-14T20:25:23","guid":{"rendered":"https:\/\/www.netvoix.com\/?page_id=8252"},"modified":"2024-10-14T21:23:04","modified_gmt":"2024-10-14T21:23:04","slug":"prueba-de-penetracion","status":"publish","type":"page","link":"https:\/\/www.netvoix.com\/es\/penetration-test\/","title":{"rendered":"Prueba de penetraci\u00f3n"},"content":{"rendered":"<section style=\"\" class=\"vc_section vc_custom_1728753945811\"><\/section><section style=\"\" data-vc-full-width=\"true\" data-vc-full-width-init=\"false\" class=\"vc_section vc_custom_1728925989282\"><div style=\"\" class=\"vc_row wpb_row vc_row-fluid vc_custom_1728926824074\"><div class=\"row-inner\"><div class=\"wpb_column vc_column_container vc_col-sm-6\"><div class=\"vc_column-inner\"><div class=\"wpb_wrapper\"><div class=\"vc_empty_space\"   style=\"height: 15px\"><span class=\"vc_empty_space_inner\"><\/span><\/div><h3 style=\"color: #000a46;text-align: left\" class=\"vc_custom_heading\" >No sea la pr\u00f3xima v\u00edctima<\/h3><div class=\"vc_empty_space\"   style=\"height: 15px\"><span class=\"vc_empty_space_inner\"><\/span><\/div><h4 style=\"color: #000a46;text-align: left\" class=\"vc_custom_heading\" >Proteja su empresa con pruebas de penetraci\u00f3n.<\/h4><div class=\"vc_empty_space\"   style=\"height: 20px\"><span class=\"vc_empty_space_inner\"><\/span><\/div>\n\t<div class=\"wpb_text_column wpb_content_element\" >\n\t\t<div class=\"wpb_wrapper\">\n\t\t\t<p>La prueba de penetraci\u00f3n es un ciberataque simulado para descubrir vulnerabilidades ocultas en sus defensas digitales.<\/p>\n<p>Nuestros ingenieros altamente cualificados examinar\u00e1n meticulosamente su infraestructura de red, sistemas y aplicaciones, empleando t\u00e9cnicas y herramientas avanzadas para identificar posibles puntos d\u00e9biles que los actores maliciosos podr\u00edan explotar.<\/p>\n<p>Abordar de forma proactiva estas vulnerabilidades puede reducir significativamente el riesgo de que se produzca una violaci\u00f3n de datos u otro incidente de ciberseguridad.<\/p>\n\n\t\t<\/div>\n\t<\/div>\n<div class=\"vc_empty_space\"   style=\"height: 30px\"><span class=\"vc_empty_space_inner\"><\/span><\/div><div class=\"vc_btn3-container vc_btn3-inline\" ><a class=\"vc_general vc_btn3 vc_btn3-size-md vc_btn3-shape-round vc_btn3-style-modern vc_btn3-color-primary\" href=\"https:\/\/meetings.hubspot.com\/laguiar\" title=\"\">COMIENCE HOY MISMO SU PRUEBA DE PENETRACI\u00d3N<\/a><\/div><\/div><\/div><\/div><div class=\"wpb_column vc_column_container vc_col-sm-6 vc_col-has-fill\"><div class=\"vc_column-inner vc_custom_1728925917501\"><div class=\"wpb_wrapper\"><h4 style=\"color: #000a46;text-align: left\" class=\"vc_custom_heading\" >Asegure su futuro: \u00a1cont\u00e1ctenos hoy mismo!<\/h4><div class=\"vc_empty_space\"   style=\"height: 20px\"><span class=\"vc_empty_space_inner\"><\/span><\/div>\n\t<div class=\"wpb_raw_code wpb_content_element wpb_raw_html\" >\n\t\t<div class=\"wpb_wrapper\">\n\t\t\t<script charset=\"utf-8\" type=\"text\/javascript\" src=\"\/\/js.hsforms.net\/forms\/embed\/v2.js\"><\/script>\n<script>\n  hbspt.forms.create({\n    region: \"na1\",\n    portalId: \"23380893\",\n    formId: \"e280749f-91cb-4bcc-9964-9db78835efb7\"\n  });\n<\/script>\n\t\t<\/div>\n\t<\/div>\n<\/div><\/div><\/div><\/div><\/div><\/section><div class=\"vc_row-full-width vc_clearfix\"><\/div><section style=\"\" data-vc-full-width=\"true\" data-vc-full-width-init=\"false\" class=\"vc_section vc_custom_1728925974900\"><div style=\"\" class=\"vc_row wpb_row vc_row-fluid\"><div class=\"row-inner\"><div class=\"wpb_column vc_column_container vc_col-sm-2\"><div class=\"vc_column-inner\"><div class=\"wpb_wrapper\"><\/div><\/div><\/div><div class=\"wpb_column vc_column_container vc_col-sm-8\"><div class=\"vc_column-inner\"><div class=\"wpb_wrapper\"><h6 style=\"color: #5ab6dd;line-height: #5ab6dd;text-align: center\" class=\"vc_custom_heading style1\" >Beneficios<\/h6><div class=\"vc_empty_space\"   style=\"height: 12px\"><span class=\"vc_empty_space_inner\"><\/span><\/div><h3 style=\"text-align: center\" class=\"vc_custom_heading\" >Funci\u00f3n esencial de las pruebas de penetraci\u00f3n<\/h3><div class=\"vc_empty_space\"   style=\"height: 30px\"><span class=\"vc_empty_space_inner\"><\/span><\/div><\/div><\/div><\/div><div class=\"wpb_column vc_column_container vc_col-sm-2\"><div class=\"vc_column-inner\"><div class=\"wpb_wrapper\"><\/div><\/div><\/div><\/div><\/div><div style=\"\" class=\"vc_row wpb_row vc_row-fluid vc_custom_1728923875925\"><div class=\"row-inner\"><div class=\"wpb_column vc_column_container vc_col-sm-12\"><div class=\"vc_column-inner\"><div class=\"wpb_wrapper\"><ul class=\"iconlist iconlist iconlist-icon-small columns-2\"><li><div ><div class=\"iconlist-item-icon\"><i class=\"icon-lock\"><\/i><\/div><div class=\"iconlist-item-content\"><h4 data-sourcepos=\"3:1-3:26\"><strong>Seguridad proactiva<\/strong><\/h4><p>Las pruebas de penetraci\u00f3n le permiten identificar y abordar las vulnerabilidades antes de que los actores maliciosos puedan explotarlas. Este enfoque proactivo le ahorra tiempo y recursos en medidas reactivas, minimiza las interrupciones de las operaciones de su empresa y mitiga las posibles p\u00e9rdidas financieras.<\/div><\/div><\/li><li><div ><div class=\"iconlist-item-icon\"><i class=\"icon-search\"><\/i><\/div><div class=\"iconlist-item-content\"><h4 style=\"text-align: left\">Cumplimiento<\/h4><p style=\"text-align: left\">Aseg\u00farese de que su organizaci\u00f3n cumple las normas de seguridad espec\u00edficas del sector, como HIPAA, PCI DSS y GDPR, evitando costosas sanciones y da\u00f1os a la reputaci\u00f3n. Al demostrar su compromiso con la privacidad y la seguridad de los datos, fomenta la confianza de clientes y socios, al tiempo que reduce su exposici\u00f3n a multas normativas.<\/p><p><\/div><\/div><\/li><li><div ><div class=\"iconlist-item-icon\"><i class=\"icon-gears\"><\/i><\/div><div class=\"iconlist-item-content\"><h4 style=\"text-align: left\">Mitigaci\u00f3n de riesgos<\/h4><p style=\"text-align: left\">Las pruebas de penetraci\u00f3n proporcionan informaci\u00f3n valiosa sobre las amenazas, inform\u00e1ndole sobre las amenazas emergentes y adaptando sus medidas de seguridad en consecuencia. Mediante el desarrollo de planes eficaces de respuesta a incidentes, puede minimizar el impacto de posibles brechas y garantizar la continuidad del negocio.<\/p><p><\/div><\/div><\/li><li><div ><div class=\"iconlist-item-icon\"><i class=\"icon-trophy\"><\/i><\/div><div class=\"iconlist-item-content\"><h4>Reputaci\u00f3n mejorada<\/h4><p>Forjarse una reputaci\u00f3n como l\u00edder en seguridad en su sector es una poderosa ventaja competitiva. Al demostrar su compromiso con la seguridad de los datos, se gana la confianza de clientes y socios, lo que fortalece las relaciones y fomenta el \u00e9xito a largo plazo.<\/div><\/div><\/li><\/ul><\/div><\/div><\/div><\/div><\/div><div style=\"\" class=\"vc_row wpb_row vc_row-fluid vc_custom_1728926415628\"><div class=\"row-inner\"><div class=\"wpb_column vc_column_container vc_col-sm-2\"><div class=\"vc_column-inner\"><div class=\"wpb_wrapper\"><\/div><\/div><\/div><div class=\"wpb_column vc_column_container vc_col-sm-8\"><div class=\"vc_column-inner\"><div class=\"wpb_wrapper\"><h5 style=\"text-align: center\" class=\"vc_custom_heading\" >Porque su empresa merece el m\u00e1ximo nivel de protecci\u00f3n<\/h5><div class=\"vc_empty_space\"   style=\"height: 25px\"><span class=\"vc_empty_space_inner\"><\/span><\/div><div class=\"vc_btn3-container vc_btn3-center\" ><a class=\"vc_general vc_btn3 vc_btn3-size-md vc_btn3-shape-round vc_btn3-style-modern vc_btn3-color-primary\" href=\"https:\/\/meetings.hubspot.com\/laguiar\" title=\"\">PROGRAMAR UNA CONSULTA<\/a><\/div><\/div><\/div><\/div><div class=\"wpb_column vc_column_container vc_col-sm-2\"><div class=\"vc_column-inner\"><div class=\"wpb_wrapper\"><\/div><\/div><\/div><\/div><\/div><\/section><div class=\"vc_row-full-width vc_clearfix\"><\/div><section style=\"\" data-vc-full-width=\"true\" data-vc-full-width-init=\"false\" class=\"vc_section fix-border vc_custom_1728937189861 vc_section-has-fill\"><div style=\"\" class=\"vc_row wpb_row vc_row-fluid\"><div class=\"row-inner\"><div class=\"wpb_column vc_column_container vc_col-sm-2\"><div class=\"vc_column-inner\"><div class=\"wpb_wrapper\"><\/div><\/div><\/div><div class=\"wpb_column vc_column_container vc_col-sm-8\"><div class=\"vc_column-inner\"><div class=\"wpb_wrapper\"><h3 style=\"text-align: center\" class=\"vc_custom_heading\" >\u00bfC\u00f3mo se producen las violaciones de datos?<\/h3><div class=\"vc_empty_space\"   style=\"height: 15px\"><span class=\"vc_empty_space_inner\"><\/span><\/div>\n\t<div class=\"wpb_text_column wpb_content_element\" >\n\t\t<div class=\"wpb_wrapper\">\n\t\t\t<p style=\"text-align: center;\"><span dir=\"ltr\" role=\"presentation\">Una violaci\u00f3n de datos se produce cuando un ciberdelincuente se infiltra en una fuente de datos y <\/span><span dir=\"ltr\" role=\"presentation\">extrae informaci\u00f3n confidencial. Esto puede hacerse accediendo a un ordenador o <\/span><span dir=\"ltr\" role=\"presentation\">red para robar archivos locales o burlar la seguridad de la red de forma remota. Los m\u00e1s <\/span><span dir=\"ltr\" role=\"presentation\">Los ciberataques m\u00e1s comunes utilizados en las violaciones de datos son:<\/span><\/p>\n\n\t\t<\/div>\n\t<\/div>\n<\/div><\/div><\/div><div class=\"wpb_column vc_column_container vc_col-sm-2\"><div class=\"vc_column-inner\"><div class=\"wpb_wrapper\"><\/div><\/div><\/div><\/div><\/div><div style=\"\" class=\"vc_row wpb_row vc_row-fluid vc_custom_1728930336364\"><div class=\"row-inner\"><div class=\"wpb_column vc_column_container vc_col-sm-12\"><div class=\"vc_column-inner\"><div class=\"wpb_wrapper\"><ul class=\"iconlist iconlist iconlist-icon-small columns-4 gap-60\"><li><div ><div class=\"iconlist-item-icon\"><img decoding=\"async\" src=\"https:\/\/www.netvoix.com\/wp-content\/uploads\/2024\/10\/ransomware.png\" alt=\"ransomware\" \/><\/div><div class=\"iconlist-item-content\"><h4>ransomware<\/h4><p><\/div><\/div><\/li><li><div ><div class=\"iconlist-item-icon\"><img decoding=\"async\" src=\"https:\/\/www.netvoix.com\/wp-content\/uploads\/2024\/10\/malware.png\" alt=\"malware\" \/><\/div><div class=\"iconlist-item-content\"><h4>Malware<\/h4><p><\/div><\/div><\/li><li><div ><div class=\"iconlist-item-icon\"><img decoding=\"async\" src=\"https:\/\/www.netvoix.com\/wp-content\/uploads\/2024\/10\/phishing.png\" alt=\"phishing\" \/><\/div><div class=\"iconlist-item-content\"><h4>Phishing<\/h4><p><\/div><\/div><\/li><li><div ><div class=\"iconlist-item-icon\"><img decoding=\"async\" src=\"https:\/\/www.netvoix.com\/wp-content\/uploads\/2024\/10\/denial-of-service.png\" alt=\"denegaci\u00f3n de servicio\" \/><\/div><div class=\"iconlist-item-content\"><h4>Denegaci\u00f3n de servicio DOS<\/h4><p><\/div><\/div><\/li><\/ul>\n\t<div class=\"wpb_text_column wpb_content_element\" >\n\t\t<div class=\"wpb_wrapper\">\n\t\t\t<h4 style=\"text-align: center;\"><span style=\"color: #000a46;\">Refuerce sus defensas:<\/span> <span style=\"color: #f68c39;\"><a class=\"link\" style=\"color: #f68c39;\" href=\"https:\/\/meetings.hubspot.com\/laguiar\">Descubra c\u00f3mo prevenimos las violaciones de datos<\/a><\/span><\/h4>\n\n\t\t<\/div>\n\t<\/div>\n<\/div><\/div><\/div><\/div><\/div><\/section><div class=\"vc_row-full-width vc_clearfix\"><\/div><section style=\"\" data-vc-full-width=\"true\" data-vc-full-width-init=\"false\" class=\"vc_section vc_custom_1728936305832\"><div style=\"\" class=\"vc_row wpb_row vc_row-fluid\"><div class=\"row-inner\"><div class=\"wpb_column vc_column_container vc_col-sm-6\"><div class=\"vc_column-inner\"><div class=\"wpb_wrapper\">\n\t<div  class=\"wpb_single_image wpb_content_element vc_align_center\">\n\t\t\n\t\t<figure class=\"wpb_wrapper vc_figure\">\n\t\t\t<div class=\"vc_single_image-wrapper   vc_box_border_grey\"><img loading=\"lazy\" decoding=\"async\" class=\"vc_single_image-img\" src=\"https:\/\/www.netvoix.com\/wp-content\/uploads\/2024\/10\/vecteezy_cyber-security-and-privacy-protection-network-security_49045799-1-scaled-500x300.jpg\" width=\"500\" height=\"300\" alt=\"prueba de penetraci\u00f3n\" title=\"prueba de penetraci\u00f3n\" \/><\/div>\n\t\t<\/figure>\n\t<\/div>\n<\/div><\/div><\/div><div class=\"wpb_column vc_column_container vc_col-sm-6\"><div class=\"vc_column-inner\"><div class=\"wpb_wrapper\"><h3 style=\"text-align: center\" class=\"vc_custom_heading\" >\u00bfPor qu\u00e9 necesita pruebas de penetraci\u00f3n?<\/h3><div class=\"vc_empty_space\"   style=\"height: 15px\"><span class=\"vc_empty_space_inner\"><\/span><\/div>\n\t<div class=\"wpb_text_column wpb_content_element\" >\n\t\t<div class=\"wpb_wrapper\">\n\t\t\t<ol>\n<li><span dir=\"ltr\" role=\"presentation\">Demostrar que<\/span><span dir=\"ltr\" role=\"presentation\">-<\/span><span dir=\"ltr\" role=\"presentation\">riesgo mundial<\/span> <span dir=\"ltr\" role=\"presentation\">simulando un hacker malicioso<\/span><\/li>\n<li><span dir=\"ltr\" role=\"presentation\">Entender c\u00f3mo atacan los atacantes<\/span> <span dir=\"ltr\" role=\"presentation\">sus datos m\u00e1s confidenciales\/sensibles<\/span><\/li>\n<li><span dir=\"ltr\" role=\"presentation\">Eval\u00fae<\/span> <span dir=\"ltr\" role=\"presentation\">actual<\/span> <span dir=\"ltr\" role=\"presentation\">seguridad<\/span> <span dir=\"ltr\" role=\"presentation\">controles de detecci\u00f3n y vigilancia<\/span><\/li>\n<li><span dir=\"ltr\" role=\"presentation\">Proporcionar estrategias correctoras<\/span> <span dir=\"ltr\" role=\"presentation\">mitigar el riesgo<\/span><\/li>\n<\/ol>\n\n\t\t<\/div>\n\t<\/div>\n<div class=\"vc_empty_space\"   style=\"height: 30px\"><span class=\"vc_empty_space_inner\"><\/span><\/div><div class=\"vc_btn3-container vc_btn3-center\" ><a class=\"vc_general vc_btn3 vc_btn3-size-md vc_btn3-shape-round vc_btn3-style-modern vc_btn3-color-primary\" href=\"https:\/\/meetings.hubspot.com\/laguiar\" title=\"\">PROTEJA SU EMPRESA HOY MISMO<\/a><\/div><\/div><\/div><\/div><\/div><\/div><\/section><div class=\"vc_row-full-width vc_clearfix\"><\/div>","protected":false},"excerpt":{"rendered":"Don't Be the Next VictimShield Your Business with Penetration Testing. The penetration test is a simulated cyberattack to uncover hidden vulnerabilities in your digital defenses. Our highly skilled engineers will meticulously examine your network infrastructure, systems, and applications, employing advanced techniques and tools to identify potential weaknesses that malicious actors could exploit. Proactively addressing these [...]","protected":false},"author":3,"featured_media":0,"parent":0,"menu_order":0,"comment_status":"closed","ping_status":"closed","template":"","meta":{"content-type":"","footnotes":""},"class_list":["post-8252","page","type-page","status-publish","hentry"],"acf":[],"yoast_head":"<!-- This site is optimized with the Yoast SEO plugin v27.2 - https:\/\/yoast.com\/product\/yoast-seo-wordpress\/ -->\n<title>Penetration Test - NetVoiX<\/title>\n<meta name=\"robots\" content=\"index, follow, max-snippet:-1, max-image-preview:large, max-video-preview:-1\" \/>\n<link rel=\"canonical\" href=\"https:\/\/www.netvoix.com\/es\/prueba-de-penetracion\/\" \/>\n<meta property=\"og:locale\" content=\"es_ES\" \/>\n<meta property=\"og:type\" content=\"article\" \/>\n<meta property=\"og:title\" content=\"Penetration Test - NetVoiX\" \/>\n<meta property=\"og:url\" content=\"https:\/\/www.netvoix.com\/es\/prueba-de-penetracion\/\" \/>\n<meta property=\"og:site_name\" content=\"NetVoiX\" \/>\n<meta property=\"article:publisher\" content=\"https:\/\/www.facebook.com\/people\/Netvoix-Inc\/100064032305668\/\" \/>\n<meta property=\"article:modified_time\" content=\"2024-10-14T21:23:04+00:00\" \/>\n<meta property=\"og:image\" content=\"https:\/\/www.netvoix.com\/wp-content\/uploads\/2022\/04\/cropped-netvoix_logo_voip.png\" \/>\n\t<meta property=\"og:image:width\" content=\"512\" \/>\n\t<meta property=\"og:image:height\" content=\"512\" \/>\n\t<meta property=\"og:image:type\" content=\"image\/png\" \/>\n<meta name=\"twitter:card\" content=\"summary_large_image\" \/>\n<meta name=\"twitter:site\" content=\"@netvoix\" \/>\n<meta name=\"twitter:label1\" content=\"Tiempo de lectura\" \/>\n\t<meta name=\"twitter:data1\" content=\"5 minutos\" \/>\n<script type=\"application\/ld+json\" class=\"yoast-schema-graph\">{\"@context\":\"https:\/\/schema.org\",\"@graph\":[{\"@type\":\"WebPage\",\"@id\":\"https:\/\/www.netvoix.com\/penetration-test\/\",\"url\":\"https:\/\/www.netvoix.com\/penetration-test\/\",\"name\":\"Penetration Test - NetVoiX\",\"isPartOf\":{\"@id\":\"https:\/\/www.netvoix.com\/#website\"},\"datePublished\":\"2024-10-14T20:25:23+00:00\",\"dateModified\":\"2024-10-14T21:23:04+00:00\",\"breadcrumb\":{\"@id\":\"https:\/\/www.netvoix.com\/penetration-test\/#breadcrumb\"},\"inLanguage\":\"es\",\"potentialAction\":[{\"@type\":\"ReadAction\",\"target\":[\"https:\/\/www.netvoix.com\/penetration-test\/\"]}]},{\"@type\":\"BreadcrumbList\",\"@id\":\"https:\/\/www.netvoix.com\/penetration-test\/#breadcrumb\",\"itemListElement\":[{\"@type\":\"ListItem\",\"position\":1,\"name\":\"Home\",\"item\":\"https:\/\/www.netvoix.com\/\"},{\"@type\":\"ListItem\",\"position\":2,\"name\":\"Penetration Test\"}]},{\"@type\":\"WebSite\",\"@id\":\"https:\/\/www.netvoix.com\/#website\",\"url\":\"https:\/\/www.netvoix.com\/\",\"name\":\"NetVoiX\",\"description\":\"Managed IT Services. Network and Wireless Infrastructure\",\"publisher\":{\"@id\":\"https:\/\/www.netvoix.com\/#organization\"},\"potentialAction\":[{\"@type\":\"SearchAction\",\"target\":{\"@type\":\"EntryPoint\",\"urlTemplate\":\"https:\/\/www.netvoix.com\/?s={search_term_string}\"},\"query-input\":{\"@type\":\"PropertyValueSpecification\",\"valueRequired\":true,\"valueName\":\"search_term_string\"}}],\"inLanguage\":\"es\"},{\"@type\":\"Organization\",\"@id\":\"https:\/\/www.netvoix.com\/#organization\",\"name\":\"NetVoiX\",\"url\":\"https:\/\/www.netvoix.com\/\",\"logo\":{\"@type\":\"ImageObject\",\"inLanguage\":\"es\",\"@id\":\"https:\/\/www.netvoix.com\/#\/schema\/logo\/image\/\",\"url\":\"https:\/\/www.netvoix.com\/wp-content\/uploads\/2022\/05\/logo_website_v1.png\",\"contentUrl\":\"https:\/\/www.netvoix.com\/wp-content\/uploads\/2022\/05\/logo_website_v1.png\",\"width\":300,\"height\":100,\"caption\":\"NetVoiX\"},\"image\":{\"@id\":\"https:\/\/www.netvoix.com\/#\/schema\/logo\/image\/\"},\"sameAs\":[\"https:\/\/www.facebook.com\/people\/Netvoix-Inc\/100064032305668\/\",\"https:\/\/x.com\/netvoix\",\"https:\/\/www.linkedin.com\/company\/3362194\/admin\/\"]}]}<\/script>\n<!-- \/ Yoast SEO plugin. -->","yoast_head_json":{"title":"Prueba de penetraci\u00f3n - NetVoiX","robots":{"index":"index","follow":"follow","max-snippet":"max-snippet:-1","max-image-preview":"max-image-preview:large","max-video-preview":"max-video-preview:-1"},"canonical":"https:\/\/www.netvoix.com\/es\/prueba-de-penetracion\/","og_locale":"es_ES","og_type":"article","og_title":"Penetration Test - NetVoiX","og_url":"https:\/\/www.netvoix.com\/es\/prueba-de-penetracion\/","og_site_name":"NetVoiX","article_publisher":"https:\/\/www.facebook.com\/people\/Netvoix-Inc\/100064032305668\/","article_modified_time":"2024-10-14T21:23:04+00:00","og_image":[{"width":512,"height":512,"url":"https:\/\/www.netvoix.com\/wp-content\/uploads\/2022\/04\/cropped-netvoix_logo_voip.png","type":"image\/png"}],"twitter_card":"summary_large_image","twitter_site":"@netvoix","twitter_misc":{"Tiempo de lectura":"5 minutos"},"schema":{"@context":"https:\/\/schema.org","@graph":[{"@type":"WebPage","@id":"https:\/\/www.netvoix.com\/penetration-test\/","url":"https:\/\/www.netvoix.com\/penetration-test\/","name":"Prueba de penetraci\u00f3n - NetVoiX","isPartOf":{"@id":"https:\/\/www.netvoix.com\/#website"},"datePublished":"2024-10-14T20:25:23+00:00","dateModified":"2024-10-14T21:23:04+00:00","breadcrumb":{"@id":"https:\/\/www.netvoix.com\/penetration-test\/#breadcrumb"},"inLanguage":"es","potentialAction":[{"@type":"ReadAction","target":["https:\/\/www.netvoix.com\/penetration-test\/"]}]},{"@type":"BreadcrumbList","@id":"https:\/\/www.netvoix.com\/penetration-test\/#breadcrumb","itemListElement":[{"@type":"ListItem","position":1,"name":"Home","item":"https:\/\/www.netvoix.com\/"},{"@type":"ListItem","position":2,"name":"Penetration Test"}]},{"@type":"WebSite","@id":"https:\/\/www.netvoix.com\/#website","url":"https:\/\/www.netvoix.com\/","name":"NetVoiX","description":"Servicios de TI gestionados. Infraestructura de red e inal\u00e1mbrica","publisher":{"@id":"https:\/\/www.netvoix.com\/#organization"},"potentialAction":[{"@type":"SearchAction","target":{"@type":"EntryPoint","urlTemplate":"https:\/\/www.netvoix.com\/?s={search_term_string}"},"query-input":{"@type":"PropertyValueSpecification","valueRequired":true,"valueName":"search_term_string"}}],"inLanguage":"es"},{"@type":"Organization","@id":"https:\/\/www.netvoix.com\/#organization","name":"NetVoiX","url":"https:\/\/www.netvoix.com\/","logo":{"@type":"ImageObject","inLanguage":"es","@id":"https:\/\/www.netvoix.com\/#\/schema\/logo\/image\/","url":"https:\/\/www.netvoix.com\/wp-content\/uploads\/2022\/05\/logo_website_v1.png","contentUrl":"https:\/\/www.netvoix.com\/wp-content\/uploads\/2022\/05\/logo_website_v1.png","width":300,"height":100,"caption":"NetVoiX"},"image":{"@id":"https:\/\/www.netvoix.com\/#\/schema\/logo\/image\/"},"sameAs":["https:\/\/www.facebook.com\/people\/Netvoix-Inc\/100064032305668\/","https:\/\/x.com\/netvoix","https:\/\/www.linkedin.com\/company\/3362194\/admin\/"]}]}},"_links":{"self":[{"href":"https:\/\/www.netvoix.com\/es\/wp-json\/wp\/v2\/pages\/8252","targetHints":{"allow":["GET"]}}],"collection":[{"href":"https:\/\/www.netvoix.com\/es\/wp-json\/wp\/v2\/pages"}],"about":[{"href":"https:\/\/www.netvoix.com\/es\/wp-json\/wp\/v2\/types\/page"}],"author":[{"embeddable":true,"href":"https:\/\/www.netvoix.com\/es\/wp-json\/wp\/v2\/users\/3"}],"replies":[{"embeddable":true,"href":"https:\/\/www.netvoix.com\/es\/wp-json\/wp\/v2\/comments?post=8252"}],"version-history":[{"count":62,"href":"https:\/\/www.netvoix.com\/es\/wp-json\/wp\/v2\/pages\/8252\/revisions"}],"predecessor-version":[{"id":8324,"href":"https:\/\/www.netvoix.com\/es\/wp-json\/wp\/v2\/pages\/8252\/revisions\/8324"}],"wp:attachment":[{"href":"https:\/\/www.netvoix.com\/es\/wp-json\/wp\/v2\/media?parent=8252"}],"curies":[{"name":"wp","href":"https:\/\/api.w.org\/{rel}","templated":true}]}}