{"id":7472,"date":"2023-10-06T20:04:23","date_gmt":"2023-10-06T20:04:23","guid":{"rendered":"https:\/\/www.netvoix.com\/?page_id=7472"},"modified":"2023-10-06T20:06:26","modified_gmt":"2023-10-06T20:06:26","slug":"gracias-cisco-ise-2","status":"publish","type":"page","link":"https:\/\/www.netvoix.com\/es\/thank-you-expo-miami\/","title":{"rendered":"Gracias Expo Miami"},"content":{"rendered":"<section style=\"\" class=\"vc_section vc_custom_1692715892494\"><div style=\"\" class=\"vc_row wpb_row vc_row-fluid\"><div class=\"row-inner\"><div class=\"wpb_column vc_column_container vc_col-sm-2\"><div class=\"vc_column-inner\"><div class=\"wpb_wrapper\"><\/div><\/div><\/div><div class=\"wpb_column vc_column_container vc_col-sm-8\"><div class=\"vc_column-inner\"><div class=\"wpb_wrapper\"><h2 style=\"color: #000a46;text-align: center\" class=\"vc_custom_heading\" >Gracias.<\/h2><div class=\"vc_empty_space\"   style=\"height: 6px\"><span class=\"vc_empty_space_inner\"><\/span><\/div>\n\t<div class=\"wpb_text_column wpb_content_element\" >\n\t\t<div class=\"wpb_wrapper\">\n\t\t\t<h4 style=\"text-align: center;\">Le agradecemos su inter\u00e9s por nuestros servicios.<\/h4>\n<p style=\"text-align: center;\">Hemos recibido su informaci\u00f3n de contacto y pronto nos pondremos en contacto con usted. Buena suerte, y esperamos tener la oportunidad de conectar con usted y explorar c\u00f3mo podemos ayudarle a alcanzar sus objetivos.<\/p>\n\n\t\t<\/div>\n\t<\/div>\n<div class=\"vc_empty_space\"   style=\"height: 40px\"><span class=\"vc_empty_space_inner\"><\/span><\/div><\/div><\/div><\/div><div class=\"wpb_column vc_column_container vc_col-sm-2\"><div class=\"vc_column-inner\"><div class=\"wpb_wrapper\"><\/div><\/div><\/div><\/div><\/div><\/section><section style=\"\" data-vc-full-width=\"true\" data-vc-full-width-init=\"false\" class=\"vc_section fix-border vc_custom_1692716070303 vc_section-has-fill\"><div style=\"\" class=\"vc_row wpb_row vc_row-fluid\"><div class=\"row-inner\"><div class=\"wpb_column vc_column_container vc_col-sm-12\"><div class=\"vc_column-inner\"><div class=\"wpb_wrapper\"><h6 style=\"color: #5ab6dd;text-align: center\" class=\"vc_custom_heading style1\" >NUESTRO BLOG<\/h6><div class=\"vc_empty_space\"   style=\"height: 12px\"><span class=\"vc_empty_space_inner\"><\/span><\/div><h2 style=\"text-align: center\" class=\"vc_custom_heading\" >NOTICIAS TECNOL\u00d3GICAS<\/h2><div class=\"vc_empty_space\"   style=\"height: 40px\"><span class=\"vc_empty_space_inner\"><\/span><\/div>\n\t<div class=\"blog-shortcode  has-post-content post-thumbnail-cover style2\">\n\t\t\n\t\t<div class=\"blog-entries\">\n\t\t\t\t\t\t\t<div class=\"entries-wrapper content-inner blog-grid\" data-grid-normal data-columns=\"3\">\n\t\t\t\t\t\t\t\t\t\t\t\n\t\t\t\t<div class=\"post post-10586 type-post status-publish format-standard has-post-thumbnail hentry category-spanish category-hospitality\">\n\t\t\t\t\t<div class=\"post-inner\">\n\n\t\t\t\t\t\t<a href=\"https:\/\/www.netvoix.com\/es\/inspeccion-de-accesos-ip-publicas-y-vulnerabilidades-del-hotel\/\">\t\t\n\t\t\t\t\t\t\t\t\t\t\t\t\t\t\t\n\t\t\t\t\t\t\t\t\t\t\t\t\t\t\t\t\t\n\t\t\t\t\t\t\t\t\t<div class=\"post-image\">\n\t\t\t\t\t\t\t\t\t\t<div class=\"post-meta\">\n\t\t\t\t\t\t\t\t\t\t\t<div class=\"post-avatar\">\n\t\t\t\t\t\t\t\t\t\t\t\t<img alt='' src='https:\/\/www.netvoix.com\/wp-content\/uploads\/2022\/04\/cropped-netvoix_logo_voip.png' srcset='https:\/\/www.netvoix.com\/wp-content\/uploads\/2022\/04\/cropped-netvoix_logo_voip.png 2x' class='avatar avatar-80 photo sab-custom-avatar' height='80' width='80' \/>\t\t\t\t\t\t\t\t\t\t\t<\/div>\n\t\t\t\t\t\t\t\t\t\t\t<div class=\"post-author-content\">\n\t\t\t\t\t\t\t\t\t\t\t\t<span>por<\/span>\n\t\t\t\t\t\t\t\t\t\t\t\t<span class=\"post-name\">NetVoiX Inc.<\/span>\n\t\t\t\t\t\t\t\t\t\t\t<\/div>\n\t\t\t\t\t\t\t\t\t\t<\/div>\n\t\t\t\t\t\t\t\t\t\t<img loading=\"lazy\" decoding=\"async\" class=\"\" src=\"https:\/\/www.netvoix.com\/wp-content\/uploads\/2026\/03\/Gemini_Generated_Image_w4worsw4worsw4wo-copy-scaled-800x300.webp\" width=\"800\" height=\"300\" alt=\"Inspecci\u00f3n\" title=\"Inspecci\u00f3n\" \/>\t\t\t\t\t\t\t\t\t<\/div>\n\n\t\t\t\t\t\t\t\t\n\t\t\t\t\t\t\t\n\t\t\t\t\t\t\t<div class=\"post-wrap\">\n\t\t\t\t\t\t\t\t<span class=\"post-date\"><\/span>\n\t\t\t\t\t\t\t\t\n\t\t\t\t\t\t\t\t<h2 class=\"post-title\">Inspecci\u00f3n de accesos, IP p\u00fablicas y vulnerabilidades del hotel<\/h2>\n\t\t\t\t\t\t\t\t\n\t\t\t\t\t\t\t\t\t\t\t\t\t\t\t\t\t<div class=\"post-content\">\n\t\t\t\t\t\t\t\t\t\tLa inspecci\u00f3n es un concepto poco habitual en la gesti\u00f3n tecnol\u00f3gica de hoteles y hostales. Sin embargo, describe una pr...\t\t\t\t\t\t\t\t\t<\/div>\n\t\t\t\t\t\t\t\t\n\t\t\t\t\t\t\t\t\t\t\t\t\t\t\t\t\t<span class=\"button\">\t\t\t\n\t\t\t\t\t\t\t\t\t\tSeguir leyendo\t\t\t\t\t\t\t\t\t<\/span>\n\t\t\t\t\t\t\t\t\t\t\t\t\t\t\t<\/div>\n\t\t\t\t\t\t<\/a>\n\t\t\t\t\t<\/div>\t\t\n\t\t\t\t<\/div>\n\n\t\t\t\t\t\t\t\t\n\t\t\t\t<div class=\"post post-10580 type-post status-publish format-standard has-post-thumbnail hentry category-spanish category-hospitality\">\n\t\t\t\t\t<div class=\"post-inner\">\n\n\t\t\t\t\t\t<a href=\"https:\/\/www.netvoix.com\/es\/la-superficie-expuesta-de-su-hotel-vista-desde-internet\/\">\t\t\n\t\t\t\t\t\t\t\t\t\t\t\t\t\t\t\n\t\t\t\t\t\t\t\t\t\t\t\t\t\t\t\t\t\n\t\t\t\t\t\t\t\t\t<div class=\"post-image\">\n\t\t\t\t\t\t\t\t\t\t<div class=\"post-meta\">\n\t\t\t\t\t\t\t\t\t\t\t<div class=\"post-avatar\">\n\t\t\t\t\t\t\t\t\t\t\t\t<img alt='' src='https:\/\/www.netvoix.com\/wp-content\/uploads\/2022\/04\/cropped-netvoix_logo_voip.png' srcset='https:\/\/www.netvoix.com\/wp-content\/uploads\/2022\/04\/cropped-netvoix_logo_voip.png 2x' class='avatar avatar-80 photo sab-custom-avatar' height='80' width='80' \/>\t\t\t\t\t\t\t\t\t\t\t<\/div>\n\t\t\t\t\t\t\t\t\t\t\t<div class=\"post-author-content\">\n\t\t\t\t\t\t\t\t\t\t\t\t<span>por<\/span>\n\t\t\t\t\t\t\t\t\t\t\t\t<span class=\"post-name\">NetVoiX Inc.<\/span>\n\t\t\t\t\t\t\t\t\t\t\t<\/div>\n\t\t\t\t\t\t\t\t\t\t<\/div>\n\t\t\t\t\t\t\t\t\t\t<img loading=\"lazy\" decoding=\"async\" class=\"\" src=\"https:\/\/www.netvoix.com\/wp-content\/uploads\/2026\/03\/Gemini_Generated_Image_w6wcltw6wcltw6wc-copy-scaled-800x300.webp\" width=\"800\" height=\"300\" alt=\"superficie\" title=\"superficie\" \/>\t\t\t\t\t\t\t\t\t<\/div>\n\n\t\t\t\t\t\t\t\t\n\t\t\t\t\t\t\t\n\t\t\t\t\t\t\t<div class=\"post-wrap\">\n\t\t\t\t\t\t\t\t<span class=\"post-date\"><\/span>\n\t\t\t\t\t\t\t\t\n\t\t\t\t\t\t\t\t<h2 class=\"post-title\">La superficie expuesta de su hotel vista desde Internet<\/h2>\n\t\t\t\t\t\t\t\t\n\t\t\t\t\t\t\t\t\t\t\t\t\t\t\t\t\t<div class=\"post-content\">\n\t\t\t\t\t\t\t\t\t\tSuperficie es un t\u00e9rmino poco habitual en la gesti\u00f3n de hoteles y hostales. Sin embargo, en el \u00e1mbito tecnol\u00f3gico descri...\t\t\t\t\t\t\t\t\t<\/div>\n\t\t\t\t\t\t\t\t\n\t\t\t\t\t\t\t\t\t\t\t\t\t\t\t\t\t<span class=\"button\">\t\t\t\n\t\t\t\t\t\t\t\t\t\tSeguir leyendo\t\t\t\t\t\t\t\t\t<\/span>\n\t\t\t\t\t\t\t\t\t\t\t\t\t\t\t<\/div>\n\t\t\t\t\t\t<\/a>\n\t\t\t\t\t<\/div>\t\t\n\t\t\t\t<\/div>\n\n\t\t\t\t\t\t\t\t\n\t\t\t\t<div class=\"post post-10571 type-post status-publish format-standard has-post-thumbnail hentry category-spanish category-law\">\n\t\t\t\t\t<div class=\"post-inner\">\n\n\t\t\t\t\t\t<a href=\"https:\/\/www.netvoix.com\/es\/it-blog-hoja-de-ruta-tecnologica-decisiones-despacho-abogados\/\">\t\t\n\t\t\t\t\t\t\t\t\t\t\t\t\t\t\t\n\t\t\t\t\t\t\t\t\t\t\t\t\t\t\t\t\t\n\t\t\t\t\t\t\t\t\t<div class=\"post-image\">\n\t\t\t\t\t\t\t\t\t\t<div class=\"post-meta\">\n\t\t\t\t\t\t\t\t\t\t\t<div class=\"post-avatar\">\n\t\t\t\t\t\t\t\t\t\t\t\t<img alt='' src='https:\/\/www.netvoix.com\/wp-content\/uploads\/2022\/04\/cropped-netvoix_logo_voip.png' srcset='https:\/\/www.netvoix.com\/wp-content\/uploads\/2022\/04\/cropped-netvoix_logo_voip.png 2x' class='avatar avatar-80 photo sab-custom-avatar' height='80' width='80' \/>\t\t\t\t\t\t\t\t\t\t\t<\/div>\n\t\t\t\t\t\t\t\t\t\t\t<div class=\"post-author-content\">\n\t\t\t\t\t\t\t\t\t\t\t\t<span>por<\/span>\n\t\t\t\t\t\t\t\t\t\t\t\t<span class=\"post-name\">NetVoiX Inc.<\/span>\n\t\t\t\t\t\t\t\t\t\t\t<\/div>\n\t\t\t\t\t\t\t\t\t\t<\/div>\n\t\t\t\t\t\t\t\t\t\t<img loading=\"lazy\" decoding=\"async\" class=\"\" src=\"https:\/\/www.netvoix.com\/wp-content\/uploads\/2026\/03\/Gemini_Generated_Image_kmw2yekmw2yekmw2-copy-scaled-800x300.webp\" width=\"800\" height=\"300\" alt=\"hoja\" title=\"hoja\" \/>\t\t\t\t\t\t\t\t\t<\/div>\n\n\t\t\t\t\t\t\t\t\n\t\t\t\t\t\t\t\n\t\t\t\t\t\t\t<div class=\"post-wrap\">\n\t\t\t\t\t\t\t\t<span class=\"post-date\"><\/span>\n\t\t\t\t\t\t\t\t\n\t\t\t\t\t\t\t\t<h2 class=\"post-title\">Hoja de ruta tecnol\u00f3gica y decisiones IT en un despacho de abogados<\/h2>\n\t\t\t\t\t\t\t\t\n\t\t\t\t\t\t\t\t\t\t\t\t\t\t\t\t\t<div class=\"post-content\">\n\t\t\t\t\t\t\t\t\t\tLa hoja de ruta tecnol\u00f3gica y las decisiones IT no son un ejercicio documental, sino el marco que define si la infraestr...\t\t\t\t\t\t\t\t\t<\/div>\n\t\t\t\t\t\t\t\t\n\t\t\t\t\t\t\t\t\t\t\t\t\t\t\t\t\t<span class=\"button\">\t\t\t\n\t\t\t\t\t\t\t\t\t\tSeguir leyendo\t\t\t\t\t\t\t\t\t<\/span>\n\t\t\t\t\t\t\t\t\t\t\t\t\t\t\t<\/div>\n\t\t\t\t\t\t<\/a>\n\t\t\t\t\t<\/div>\t\t\n\t\t\t\t<\/div>\n\n\t\t\t\t\t\t\t\t\t\t\t<\/div>\n\t\t<\/div>\n\t<\/div><\/div><\/div><\/div><\/div><\/div><\/section><div class=\"vc_row-full-width vc_clearfix\"><\/div>","protected":false},"excerpt":{"rendered":"La hoja de ruta tecnol\u00f3gica y las decisiones IT no son un ejercicio documental, sino el marco que define si la infraestructura del despacho evoluciona con criterio o acumula complejidad sin direcci\u00f3n. En un entorno donde la confidencialidad, la continuidad operativa y la eficiencia dependen de sistemas interconectados, decidir qu\u00e9 implementar, cu\u00e1ndo hacerlo y por [...]","protected":false},"author":3,"featured_media":0,"parent":0,"menu_order":0,"comment_status":"closed","ping_status":"closed","template":"","meta":{"content-type":"","footnotes":""},"class_list":["post-7472","page","type-page","status-publish","hentry"],"acf":[],"yoast_head":"<!-- This site is optimized with the Yoast SEO plugin v27.2 - https:\/\/yoast.com\/product\/yoast-seo-wordpress\/ -->\n<title>Thank you Expo Miami - NetVoiX<\/title>\n<meta name=\"robots\" content=\"index, follow, max-snippet:-1, max-image-preview:large, max-video-preview:-1\" \/>\n<link rel=\"canonical\" href=\"https:\/\/www.netvoix.com\/es\/gracias-cisco-ise-2\/\" \/>\n<meta property=\"og:locale\" content=\"es_ES\" \/>\n<meta property=\"og:type\" content=\"article\" \/>\n<meta property=\"og:title\" content=\"Thank you Expo Miami - NetVoiX\" \/>\n<meta property=\"og:url\" content=\"https:\/\/www.netvoix.com\/es\/gracias-cisco-ise-2\/\" \/>\n<meta property=\"og:site_name\" content=\"NetVoiX\" \/>\n<meta property=\"article:publisher\" content=\"https:\/\/www.facebook.com\/people\/Netvoix-Inc\/100064032305668\/\" \/>\n<meta property=\"article:modified_time\" content=\"2023-10-06T20:06:26+00:00\" \/>\n<meta property=\"og:image\" content=\"https:\/\/www.netvoix.com\/wp-content\/uploads\/2022\/04\/cropped-netvoix_logo_voip.png\" \/>\n\t<meta property=\"og:image:width\" content=\"512\" \/>\n\t<meta property=\"og:image:height\" content=\"512\" \/>\n\t<meta property=\"og:image:type\" content=\"image\/png\" \/>\n<meta name=\"twitter:card\" content=\"summary_large_image\" \/>\n<meta name=\"twitter:site\" content=\"@netvoix\" \/>\n<meta name=\"twitter:label1\" content=\"Tiempo de lectura\" \/>\n\t<meta name=\"twitter:data1\" content=\"1 minuto\" \/>\n<script type=\"application\/ld+json\" class=\"yoast-schema-graph\">{\"@context\":\"https:\/\/schema.org\",\"@graph\":[{\"@type\":\"WebPage\",\"@id\":\"https:\/\/www.netvoix.com\/thank-you-expo-miami\/\",\"url\":\"https:\/\/www.netvoix.com\/thank-you-expo-miami\/\",\"name\":\"Thank you Expo Miami - NetVoiX\",\"isPartOf\":{\"@id\":\"https:\/\/www.netvoix.com\/#website\"},\"datePublished\":\"2023-10-06T20:04:23+00:00\",\"dateModified\":\"2023-10-06T20:06:26+00:00\",\"breadcrumb\":{\"@id\":\"https:\/\/www.netvoix.com\/thank-you-expo-miami\/#breadcrumb\"},\"inLanguage\":\"es\",\"potentialAction\":[{\"@type\":\"ReadAction\",\"target\":[\"https:\/\/www.netvoix.com\/thank-you-expo-miami\/\"]}]},{\"@type\":\"BreadcrumbList\",\"@id\":\"https:\/\/www.netvoix.com\/thank-you-expo-miami\/#breadcrumb\",\"itemListElement\":[{\"@type\":\"ListItem\",\"position\":1,\"name\":\"Home\",\"item\":\"https:\/\/www.netvoix.com\/\"},{\"@type\":\"ListItem\",\"position\":2,\"name\":\"Thank you Expo Miami\"}]},{\"@type\":\"WebSite\",\"@id\":\"https:\/\/www.netvoix.com\/#website\",\"url\":\"https:\/\/www.netvoix.com\/\",\"name\":\"NetVoiX\",\"description\":\"Managed IT Services. Network and Wireless Infrastructure\",\"publisher\":{\"@id\":\"https:\/\/www.netvoix.com\/#organization\"},\"potentialAction\":[{\"@type\":\"SearchAction\",\"target\":{\"@type\":\"EntryPoint\",\"urlTemplate\":\"https:\/\/www.netvoix.com\/?s={search_term_string}\"},\"query-input\":{\"@type\":\"PropertyValueSpecification\",\"valueRequired\":true,\"valueName\":\"search_term_string\"}}],\"inLanguage\":\"es\"},{\"@type\":\"Organization\",\"@id\":\"https:\/\/www.netvoix.com\/#organization\",\"name\":\"NetVoiX\",\"url\":\"https:\/\/www.netvoix.com\/\",\"logo\":{\"@type\":\"ImageObject\",\"inLanguage\":\"es\",\"@id\":\"https:\/\/www.netvoix.com\/#\/schema\/logo\/image\/\",\"url\":\"https:\/\/www.netvoix.com\/wp-content\/uploads\/2022\/05\/logo_website_v1.png\",\"contentUrl\":\"https:\/\/www.netvoix.com\/wp-content\/uploads\/2022\/05\/logo_website_v1.png\",\"width\":300,\"height\":100,\"caption\":\"NetVoiX\"},\"image\":{\"@id\":\"https:\/\/www.netvoix.com\/#\/schema\/logo\/image\/\"},\"sameAs\":[\"https:\/\/www.facebook.com\/people\/Netvoix-Inc\/100064032305668\/\",\"https:\/\/x.com\/netvoix\",\"https:\/\/www.linkedin.com\/company\/3362194\/admin\/\"]}]}<\/script>\n<!-- \/ Yoast SEO plugin. -->","yoast_head_json":{"title":"Gracias Expo Miami - NetVoiX","robots":{"index":"index","follow":"follow","max-snippet":"max-snippet:-1","max-image-preview":"max-image-preview:large","max-video-preview":"max-video-preview:-1"},"canonical":"https:\/\/www.netvoix.com\/es\/gracias-cisco-ise-2\/","og_locale":"es_ES","og_type":"article","og_title":"Thank you Expo Miami - NetVoiX","og_url":"https:\/\/www.netvoix.com\/es\/gracias-cisco-ise-2\/","og_site_name":"NetVoiX","article_publisher":"https:\/\/www.facebook.com\/people\/Netvoix-Inc\/100064032305668\/","article_modified_time":"2023-10-06T20:06:26+00:00","og_image":[{"width":512,"height":512,"url":"https:\/\/www.netvoix.com\/wp-content\/uploads\/2022\/04\/cropped-netvoix_logo_voip.png","type":"image\/png"}],"twitter_card":"summary_large_image","twitter_site":"@netvoix","twitter_misc":{"Tiempo de lectura":"1 minuto"},"schema":{"@context":"https:\/\/schema.org","@graph":[{"@type":"WebPage","@id":"https:\/\/www.netvoix.com\/thank-you-expo-miami\/","url":"https:\/\/www.netvoix.com\/thank-you-expo-miami\/","name":"Gracias Expo Miami - NetVoiX","isPartOf":{"@id":"https:\/\/www.netvoix.com\/#website"},"datePublished":"2023-10-06T20:04:23+00:00","dateModified":"2023-10-06T20:06:26+00:00","breadcrumb":{"@id":"https:\/\/www.netvoix.com\/thank-you-expo-miami\/#breadcrumb"},"inLanguage":"es","potentialAction":[{"@type":"ReadAction","target":["https:\/\/www.netvoix.com\/thank-you-expo-miami\/"]}]},{"@type":"BreadcrumbList","@id":"https:\/\/www.netvoix.com\/thank-you-expo-miami\/#breadcrumb","itemListElement":[{"@type":"ListItem","position":1,"name":"Home","item":"https:\/\/www.netvoix.com\/"},{"@type":"ListItem","position":2,"name":"Thank you Expo Miami"}]},{"@type":"WebSite","@id":"https:\/\/www.netvoix.com\/#website","url":"https:\/\/www.netvoix.com\/","name":"NetVoiX","description":"Servicios de TI gestionados. Infraestructura de red e inal\u00e1mbrica","publisher":{"@id":"https:\/\/www.netvoix.com\/#organization"},"potentialAction":[{"@type":"SearchAction","target":{"@type":"EntryPoint","urlTemplate":"https:\/\/www.netvoix.com\/?s={search_term_string}"},"query-input":{"@type":"PropertyValueSpecification","valueRequired":true,"valueName":"search_term_string"}}],"inLanguage":"es"},{"@type":"Organization","@id":"https:\/\/www.netvoix.com\/#organization","name":"NetVoiX","url":"https:\/\/www.netvoix.com\/","logo":{"@type":"ImageObject","inLanguage":"es","@id":"https:\/\/www.netvoix.com\/#\/schema\/logo\/image\/","url":"https:\/\/www.netvoix.com\/wp-content\/uploads\/2022\/05\/logo_website_v1.png","contentUrl":"https:\/\/www.netvoix.com\/wp-content\/uploads\/2022\/05\/logo_website_v1.png","width":300,"height":100,"caption":"NetVoiX"},"image":{"@id":"https:\/\/www.netvoix.com\/#\/schema\/logo\/image\/"},"sameAs":["https:\/\/www.facebook.com\/people\/Netvoix-Inc\/100064032305668\/","https:\/\/x.com\/netvoix","https:\/\/www.linkedin.com\/company\/3362194\/admin\/"]}]}},"_links":{"self":[{"href":"https:\/\/www.netvoix.com\/es\/wp-json\/wp\/v2\/pages\/7472","targetHints":{"allow":["GET"]}}],"collection":[{"href":"https:\/\/www.netvoix.com\/es\/wp-json\/wp\/v2\/pages"}],"about":[{"href":"https:\/\/www.netvoix.com\/es\/wp-json\/wp\/v2\/types\/page"}],"author":[{"embeddable":true,"href":"https:\/\/www.netvoix.com\/es\/wp-json\/wp\/v2\/users\/3"}],"replies":[{"embeddable":true,"href":"https:\/\/www.netvoix.com\/es\/wp-json\/wp\/v2\/comments?post=7472"}],"version-history":[{"count":5,"href":"https:\/\/www.netvoix.com\/es\/wp-json\/wp\/v2\/pages\/7472\/revisions"}],"predecessor-version":[{"id":7478,"href":"https:\/\/www.netvoix.com\/es\/wp-json\/wp\/v2\/pages\/7472\/revisions\/7478"}],"wp:attachment":[{"href":"https:\/\/www.netvoix.com\/es\/wp-json\/wp\/v2\/media?parent=7472"}],"curies":[{"name":"wp","href":"https:\/\/api.w.org\/{rel}","templated":true}]}}