{"id":5316,"date":"2022-10-17T10:00:03","date_gmt":"2022-10-17T10:00:03","guid":{"rendered":"http:\/\/www.netvoix.com\/?page_id=703"},"modified":"2024-07-30T20:52:12","modified_gmt":"2024-07-30T20:52:12","slug":"carreras-2","status":"publish","type":"page","link":"https:\/\/www.netvoix.com\/es\/careers-2\/","title":{"rendered":"Carreras"},"content":{"rendered":"<div style=\"\" class=\"vc_row wpb_row vc_row-fluid vc_custom_1575626106981\"><div class=\"row-inner\"><div class=\"wpb_column vc_column_container vc_col-sm-12\"><div class=\"vc_column-inner\"><div class=\"wpb_wrapper\"><ul class=\"iconlist iconlist iconlist-icon-small number columns-4\"><li><div ><div class=\"iconlist-item-icon\"><\/div><div class=\"iconlist-item-content\"><h4>TRABAJO EN EQUIPO<\/h4><p>Trabajar juntos es primordial para nuestro \u00e9xito. Fomentamos la diversidad de opiniones y la confianza.<\/div><\/div><\/li><li><div ><div class=\"iconlist-item-icon\"><\/div><div class=\"iconlist-item-content\"><h4>RESPETO<\/h4><p>Tratar a todos los empleados, proveedores y socios con respeto. Nos gusta la transparencia y la honestidad.<\/div><\/div><\/li><li><div ><div class=\"iconlist-item-icon\"><\/div><div class=\"iconlist-item-content\"><h4>PASI\u00d3N<\/h4><p>Nos apasiona el \u00e9xito de nuestros empleados, nuestros socios y nuestros productos.<\/div><\/div><\/li><li><div ><div class=\"iconlist-item-icon\"><\/div><div class=\"iconlist-item-content\"><h4>INNOVACI\u00d3N<\/h4><p>Atr\u00e9vete a ser diferente en todos los \u00e1mbitos de la empresa, asume riesgos y aprende de los dem\u00e1s.<\/div><\/div><\/li><\/ul><\/div><\/div><\/div><\/div><\/div><div style=\"\" class=\"vc_row wpb_row vc_row-fluid vc_custom_1575626116364 vc_row-has-fill\"><div class=\"row-inner\"><div class=\"wpb_column vc_column_container vc_col-sm-12\"><div class=\"vc_column-inner\"><div class=\"wpb_wrapper\"><h6 style=\"font-size: 15px;text-align: center\" class=\"vc_custom_heading style1\" >\u00danete al equipo<\/h6><div class=\"vc_empty_space\"   style=\"height: 6px\"><span class=\"vc_empty_space_inner\"><\/span><\/div><h2 style=\"text-align: center\" class=\"vc_custom_heading\" >OFERTAS DE EMPLEO ACTUALES<\/h2><div class=\"vc_empty_space\"   style=\"height: 10px\"><span class=\"vc_empty_space_inner\"><\/span><\/div>\n\t<div class=\"wpb_text_column wpb_content_element\" >\n\t\t<div class=\"wpb_wrapper\">\n\t\t\t<p style=\"text-align: center;\">Si\u00e9ntete realizado, divi\u00e9rtete y ay\u00fadanos a darle forma al futuro.<\/p>\n\n\t\t<\/div>\n\t<\/div>\n<div class=\"vc_empty_space\"   style=\"height: 70px\"><span class=\"vc_empty_space_inner\"><\/span><\/div><div class=\"vc_row wpb_row vc_inner vc_row-fluid\"><div class=\"wpb_column vc_column_container vc_col-sm-6\"><div class=\"vc_column-inner\"><div class=\"wpb_wrapper\"><h5 style=\"color: #5ab6dd;text-align: center\" class=\"vc_custom_heading\" >ROL<\/h5>\n\t<div class=\"wpb_text_column wpb_content_element\" >\n\t\t<div class=\"wpb_wrapper\">\n\t\t\t<h4 class=\"p1\">Ingeniero superior de redes<\/h4>\n<p class=\"p2\"><b>Descripci\u00f3n del trabajo:<\/b><\/p>\n<p class=\"p1\">El ingeniero de redes senior es responsable de dise\u00f1ar, implementar, supervisar y gestionar las redes de \u00e1rea local y amplia de una organizaci\u00f3n para garantizar el m\u00e1ximo tiempo de actividad para los usuarios. La funci\u00f3n puede incluir el dise\u00f1o de configuraciones de sistemas, la documentaci\u00f3n y la gesti\u00f3n de la instalaci\u00f3n de una nueva red, y el mantenimiento y la actualizaci\u00f3n de los sistemas existentes seg\u00fan sea necesario.<\/p>\n\n\t\t<\/div>\n\t<\/div>\n<\/div><\/div><\/div><div class=\"wpb_column vc_column_container vc_col-sm-2\"><div class=\"vc_column-inner\"><div class=\"wpb_wrapper\"><h5 style=\"color: #5ab6dd;text-align: center\" class=\"vc_custom_heading\" >UBICACI\u00d3N<\/h5>\n\t<div class=\"wpb_text_column wpb_content_element\" >\n\t\t<div class=\"wpb_wrapper\">\n\t\t\t<h5 class=\"p1\" style=\"text-align: center;\">Condado de Broward y Miami Dade. FL<\/h5>\n\n\t\t<\/div>\n\t<\/div>\n<\/div><\/div><\/div><div class=\"wpb_column vc_column_container vc_col-sm-2\"><div class=\"vc_column-inner\"><div class=\"wpb_wrapper\"><h5 style=\"color: #5ab6dd;text-align: center\" class=\"vc_custom_heading\" >JORNADA<\/h5>\n\t<div class=\"wpb_text_column wpb_content_element\" >\n\t\t<div class=\"wpb_wrapper\">\n\t\t\t<h5 class=\"p1\" style=\"text-align: center;\">A tiempo completo<\/h5>\n\n\t\t<\/div>\n\t<\/div>\n<\/div><\/div><\/div><div class=\"wpb_column vc_column_container vc_col-sm-2\"><div class=\"vc_column-inner\"><div class=\"wpb_wrapper\"><div class=\"vc_empty_space\"   style=\"height: 15px\"><span class=\"vc_empty_space_inner\"><\/span><\/div>\n\t<div class=\"wpb_text_column wpb_content_element\" >\n\t\t<div class=\"wpb_wrapper\">\n\t\t\t<h4 class=\"p1\" style=\"text-align: center;\"><a class=\"button small\" href=\"https:\/\/www.netvoix.com\/es\/contacto\/\">Solicite ahora<\/a><\/h4>\n\n\t\t<\/div>\n\t<\/div>\n<\/div><\/div><\/div><\/div><div class=\"vc_empty_space\"   style=\"height: 40px\"><span class=\"vc_empty_space_inner\"><\/span><\/div><div class=\"vc_row wpb_row vc_inner vc_row-fluid\"><div class=\"wpb_column vc_column_container vc_col-sm-6\"><div class=\"vc_column-inner\"><div class=\"wpb_wrapper\">\n\t<div class=\"wpb_text_column wpb_content_element\" >\n\t\t<div class=\"wpb_wrapper\">\n\t\t\t<h4 class=\"p1\">Ingeniero especialista en colaboraci\u00f3n<\/h4>\n<p class=\"p2\"><b>Descripci\u00f3n del trabajo:<\/b><\/p>\n<p class=\"p1\">El especialista en colaboraci\u00f3n es responsable de la asistencia y el mantenimiento de todos los servicios de colaboraci\u00f3n locales y en la nube para nuestros clientes. Esto se refiere a todas las tecnolog\u00edas de colaboraci\u00f3n, incluida la VoIP (local y en la nube), los servicios de telepresencia y de reuniones, los sistemas de buz\u00f3n de voz y el hardware y el software espec\u00edficos del proveedor.<\/p>\n\n\t\t<\/div>\n\t<\/div>\n<\/div><\/div><\/div><div class=\"wpb_column vc_column_container vc_col-sm-2\"><div class=\"vc_column-inner\"><div class=\"wpb_wrapper\">\n\t<div class=\"wpb_text_column wpb_content_element\" >\n\t\t<div class=\"wpb_wrapper\">\n\t\t\t<h5 class=\"p1\" style=\"text-align: center;\">Condado de Broward y Miami Dade. FL<\/h5>\n\n\t\t<\/div>\n\t<\/div>\n<\/div><\/div><\/div><div class=\"wpb_column vc_column_container vc_col-sm-2\"><div class=\"vc_column-inner\"><div class=\"wpb_wrapper\">\n\t<div class=\"wpb_text_column wpb_content_element\" >\n\t\t<div class=\"wpb_wrapper\">\n\t\t\t<h5 class=\"p1\" style=\"text-align: center;\">A tiempo completo<\/h5>\n\n\t\t<\/div>\n\t<\/div>\n<\/div><\/div><\/div><div class=\"wpb_column vc_column_container vc_col-sm-2\"><div class=\"vc_column-inner\"><div class=\"wpb_wrapper\">\n\t<div class=\"wpb_text_column wpb_content_element\" >\n\t\t<div class=\"wpb_wrapper\">\n\t\t\t<h4 class=\"p1\" style=\"text-align: center;\"><a class=\"button small\" href=\"https:\/\/www.netvoix.com\/es\/contacto\/\" target=\"_blank\" rel=\"noopener\">Solicite ahora<\/a><\/h4>\n\n\t\t<\/div>\n\t<\/div>\n<\/div><\/div><\/div><\/div><div class=\"vc_empty_space\"   style=\"height: 40px\"><span class=\"vc_empty_space_inner\"><\/span><\/div><div class=\"vc_row wpb_row vc_inner vc_row-fluid\"><div class=\"wpb_column vc_column_container vc_col-sm-6\"><div class=\"vc_column-inner\"><div class=\"wpb_wrapper\">\n\t<div class=\"wpb_text_column wpb_content_element\" >\n\t\t<div class=\"wpb_wrapper\">\n\t\t\t<h4 class=\"p1\">Consultor especialista en TI<\/h4>\n<p class=\"p2\"><b>Descripci\u00f3n del trabajo:<\/b><\/p>\n<p class=\"p1\">El Consultor Especialista en TI es responsable de proporcionar liderazgo estrat\u00e9gico y t\u00e9cnico para hacer avanzar las capacidades tecnol\u00f3gicas de la empresa, mejorar la eficiencia operativa e impulsar el crecimiento del negocio.<\/p>\n\n\t\t<\/div>\n\t<\/div>\n<\/div><\/div><\/div><div class=\"wpb_column vc_column_container vc_col-sm-2\"><div class=\"vc_column-inner\"><div class=\"wpb_wrapper\">\n\t<div class=\"wpb_text_column wpb_content_element\" >\n\t\t<div class=\"wpb_wrapper\">\n\t\t\t<h5 class=\"p1\" style=\"text-align: center;\">Condado de Broward y Miami Dade. FL<\/h5>\n\n\t\t<\/div>\n\t<\/div>\n<\/div><\/div><\/div><div class=\"wpb_column vc_column_container vc_col-sm-2\"><div class=\"vc_column-inner\"><div class=\"wpb_wrapper\">\n\t<div class=\"wpb_text_column wpb_content_element\" >\n\t\t<div class=\"wpb_wrapper\">\n\t\t\t<h5 class=\"p1\" style=\"text-align: center;\">A tiempo completo<\/h5>\n\n\t\t<\/div>\n\t<\/div>\n<\/div><\/div><\/div><div class=\"wpb_column vc_column_container vc_col-sm-2\"><div class=\"vc_column-inner\"><div class=\"wpb_wrapper\">\n\t<div class=\"wpb_text_column wpb_content_element\" >\n\t\t<div class=\"wpb_wrapper\">\n\t\t\t<h4 class=\"p1\" style=\"text-align: center;\"><a class=\"button small\" href=\"https:\/\/www.netvoix.com\/es\/contacto\/\" target=\"_blank\" rel=\"noopener\">Solicite ahora<\/a><\/h4>\n\n\t\t<\/div>\n\t<\/div>\n<\/div><\/div><\/div><\/div><div class=\"vc_empty_space\"   style=\"height: 40px\"><span class=\"vc_empty_space_inner\"><\/span><\/div><div class=\"vc_empty_space\"   style=\"height: 40px\"><span class=\"vc_empty_space_inner\"><\/span><\/div><div class=\"vc_empty_space\"   style=\"height: 60px\"><span class=\"vc_empty_space_inner\"><\/span><\/div>\n\t<div class=\"wpb_text_column wpb_content_element\" >\n\t\t<div class=\"wpb_wrapper\">\n\t\t\t<p style=\"text-align: center;\">Siempre estamos buscando gente con talento para unirse a nuestro equipo. S\u00edganos en\u00a0<a class=\"dot\" href=\"#\">LinkedIn<\/a>!<\/p>\n\n\t\t<\/div>\n\t<\/div>\n<\/div><\/div><\/div><\/div><\/div>","protected":false},"excerpt":{"rendered":"TEAMWORKWorking together is paramount to our success. We encourage diversity of opinion and trust.RESPECTTreat all employees, vendors &amp; partners with respect. We thrive on transparency &amp; honesty.PASSIONWe are passionate about the success of our employees, our partners and our products.INNOVATIONDare to be different in all areas of business, take risks and learn from each other.Join [...]","protected":false},"author":3,"featured_media":1063,"parent":0,"menu_order":0,"comment_status":"closed","ping_status":"closed","template":"tmpl\/template-fullwidth.php","meta":{"content-type":"","footnotes":""},"class_list":["post-5316","page","type-page","status-publish","has-post-thumbnail","hentry"],"acf":[],"yoast_head":"<!-- This site is optimized with the Yoast SEO plugin v27.2 - https:\/\/yoast.com\/product\/yoast-seo-wordpress\/ -->\n<title>Careers - NetVoiX<\/title>\n<meta name=\"robots\" content=\"index, follow, max-snippet:-1, max-image-preview:large, max-video-preview:-1\" \/>\n<link rel=\"canonical\" href=\"https:\/\/www.netvoix.com\/es\/carreras-2\/\" \/>\n<meta property=\"og:locale\" content=\"es_ES\" \/>\n<meta property=\"og:type\" content=\"article\" \/>\n<meta property=\"og:title\" content=\"Careers - NetVoiX\" \/>\n<meta property=\"og:url\" content=\"https:\/\/www.netvoix.com\/es\/carreras-2\/\" \/>\n<meta property=\"og:site_name\" content=\"NetVoiX\" \/>\n<meta property=\"article:publisher\" content=\"https:\/\/www.facebook.com\/people\/Netvoix-Inc\/100064032305668\/\" \/>\n<meta property=\"article:modified_time\" content=\"2024-07-30T20:52:12+00:00\" \/>\n<meta property=\"og:image\" content=\"https:\/\/www.netvoix.com\/wp-content\/uploads\/2018\/08\/slider3-scaled.jpg\" \/>\n\t<meta property=\"og:image:width\" content=\"2560\" \/>\n\t<meta property=\"og:image:height\" content=\"1191\" \/>\n\t<meta property=\"og:image:type\" content=\"image\/jpeg\" \/>\n<meta name=\"twitter:card\" content=\"summary_large_image\" \/>\n<meta name=\"twitter:site\" content=\"@netvoix\" \/>\n<meta name=\"twitter:label1\" content=\"Tiempo de lectura\" \/>\n\t<meta name=\"twitter:data1\" content=\"3 minutos\" \/>\n<script type=\"application\/ld+json\" class=\"yoast-schema-graph\">{\"@context\":\"https:\/\/schema.org\",\"@graph\":[{\"@type\":\"WebPage\",\"@id\":\"https:\/\/www.netvoix.com\/careers-2\/\",\"url\":\"https:\/\/www.netvoix.com\/careers-2\/\",\"name\":\"Careers - NetVoiX\",\"isPartOf\":{\"@id\":\"https:\/\/www.netvoix.com\/#website\"},\"primaryImageOfPage\":{\"@id\":\"https:\/\/www.netvoix.com\/careers-2\/#primaryimage\"},\"image\":{\"@id\":\"https:\/\/www.netvoix.com\/careers-2\/#primaryimage\"},\"thumbnailUrl\":\"https:\/\/www.netvoix.com\/wp-content\/uploads\/2018\/08\/slider3-scaled.jpg\",\"datePublished\":\"2022-10-17T10:00:03+00:00\",\"dateModified\":\"2024-07-30T20:52:12+00:00\",\"breadcrumb\":{\"@id\":\"https:\/\/www.netvoix.com\/careers-2\/#breadcrumb\"},\"inLanguage\":\"es\",\"potentialAction\":[{\"@type\":\"ReadAction\",\"target\":[\"https:\/\/www.netvoix.com\/careers-2\/\"]}]},{\"@type\":\"ImageObject\",\"inLanguage\":\"es\",\"@id\":\"https:\/\/www.netvoix.com\/careers-2\/#primaryimage\",\"url\":\"https:\/\/www.netvoix.com\/wp-content\/uploads\/2018\/08\/slider3-scaled.jpg\",\"contentUrl\":\"https:\/\/www.netvoix.com\/wp-content\/uploads\/2018\/08\/slider3-scaled.jpg\",\"width\":2560,\"height\":1191,\"caption\":\"slider3 scaled\"},{\"@type\":\"BreadcrumbList\",\"@id\":\"https:\/\/www.netvoix.com\/careers-2\/#breadcrumb\",\"itemListElement\":[{\"@type\":\"ListItem\",\"position\":1,\"name\":\"Home\",\"item\":\"https:\/\/www.netvoix.com\/\"},{\"@type\":\"ListItem\",\"position\":2,\"name\":\"Careers\"}]},{\"@type\":\"WebSite\",\"@id\":\"https:\/\/www.netvoix.com\/#website\",\"url\":\"https:\/\/www.netvoix.com\/\",\"name\":\"NetVoiX\",\"description\":\"Managed IT Services. Network and Wireless Infrastructure\",\"publisher\":{\"@id\":\"https:\/\/www.netvoix.com\/#organization\"},\"potentialAction\":[{\"@type\":\"SearchAction\",\"target\":{\"@type\":\"EntryPoint\",\"urlTemplate\":\"https:\/\/www.netvoix.com\/?s={search_term_string}\"},\"query-input\":{\"@type\":\"PropertyValueSpecification\",\"valueRequired\":true,\"valueName\":\"search_term_string\"}}],\"inLanguage\":\"es\"},{\"@type\":\"Organization\",\"@id\":\"https:\/\/www.netvoix.com\/#organization\",\"name\":\"NetVoiX\",\"url\":\"https:\/\/www.netvoix.com\/\",\"logo\":{\"@type\":\"ImageObject\",\"inLanguage\":\"es\",\"@id\":\"https:\/\/www.netvoix.com\/#\/schema\/logo\/image\/\",\"url\":\"https:\/\/www.netvoix.com\/wp-content\/uploads\/2022\/05\/logo_website_v1.png\",\"contentUrl\":\"https:\/\/www.netvoix.com\/wp-content\/uploads\/2022\/05\/logo_website_v1.png\",\"width\":300,\"height\":100,\"caption\":\"NetVoiX\"},\"image\":{\"@id\":\"https:\/\/www.netvoix.com\/#\/schema\/logo\/image\/\"},\"sameAs\":[\"https:\/\/www.facebook.com\/people\/Netvoix-Inc\/100064032305668\/\",\"https:\/\/x.com\/netvoix\",\"https:\/\/www.linkedin.com\/company\/3362194\/admin\/\"]}]}<\/script>\n<!-- \/ Yoast SEO plugin. -->","yoast_head_json":{"title":"Empleo - NetVoiX","robots":{"index":"index","follow":"follow","max-snippet":"max-snippet:-1","max-image-preview":"max-image-preview:large","max-video-preview":"max-video-preview:-1"},"canonical":"https:\/\/www.netvoix.com\/es\/carreras-2\/","og_locale":"es_ES","og_type":"article","og_title":"Careers - NetVoiX","og_url":"https:\/\/www.netvoix.com\/es\/carreras-2\/","og_site_name":"NetVoiX","article_publisher":"https:\/\/www.facebook.com\/people\/Netvoix-Inc\/100064032305668\/","article_modified_time":"2024-07-30T20:52:12+00:00","og_image":[{"width":2560,"height":1191,"url":"https:\/\/www.netvoix.com\/wp-content\/uploads\/2018\/08\/slider3-scaled.jpg","type":"image\/jpeg"}],"twitter_card":"summary_large_image","twitter_site":"@netvoix","twitter_misc":{"Tiempo de lectura":"3 minutos"},"schema":{"@context":"https:\/\/schema.org","@graph":[{"@type":"WebPage","@id":"https:\/\/www.netvoix.com\/careers-2\/","url":"https:\/\/www.netvoix.com\/careers-2\/","name":"Empleo - NetVoiX","isPartOf":{"@id":"https:\/\/www.netvoix.com\/#website"},"primaryImageOfPage":{"@id":"https:\/\/www.netvoix.com\/careers-2\/#primaryimage"},"image":{"@id":"https:\/\/www.netvoix.com\/careers-2\/#primaryimage"},"thumbnailUrl":"https:\/\/www.netvoix.com\/wp-content\/uploads\/2018\/08\/slider3-scaled.jpg","datePublished":"2022-10-17T10:00:03+00:00","dateModified":"2024-07-30T20:52:12+00:00","breadcrumb":{"@id":"https:\/\/www.netvoix.com\/careers-2\/#breadcrumb"},"inLanguage":"es","potentialAction":[{"@type":"ReadAction","target":["https:\/\/www.netvoix.com\/careers-2\/"]}]},{"@type":"ImageObject","inLanguage":"es","@id":"https:\/\/www.netvoix.com\/careers-2\/#primaryimage","url":"https:\/\/www.netvoix.com\/wp-content\/uploads\/2018\/08\/slider3-scaled.jpg","contentUrl":"https:\/\/www.netvoix.com\/wp-content\/uploads\/2018\/08\/slider3-scaled.jpg","width":2560,"height":1191,"caption":"slider3 scaled"},{"@type":"BreadcrumbList","@id":"https:\/\/www.netvoix.com\/careers-2\/#breadcrumb","itemListElement":[{"@type":"ListItem","position":1,"name":"Home","item":"https:\/\/www.netvoix.com\/"},{"@type":"ListItem","position":2,"name":"Careers"}]},{"@type":"WebSite","@id":"https:\/\/www.netvoix.com\/#website","url":"https:\/\/www.netvoix.com\/","name":"NetVoiX","description":"Servicios de TI gestionados. Infraestructura de red e inal\u00e1mbrica","publisher":{"@id":"https:\/\/www.netvoix.com\/#organization"},"potentialAction":[{"@type":"SearchAction","target":{"@type":"EntryPoint","urlTemplate":"https:\/\/www.netvoix.com\/?s={search_term_string}"},"query-input":{"@type":"PropertyValueSpecification","valueRequired":true,"valueName":"search_term_string"}}],"inLanguage":"es"},{"@type":"Organization","@id":"https:\/\/www.netvoix.com\/#organization","name":"NetVoiX","url":"https:\/\/www.netvoix.com\/","logo":{"@type":"ImageObject","inLanguage":"es","@id":"https:\/\/www.netvoix.com\/#\/schema\/logo\/image\/","url":"https:\/\/www.netvoix.com\/wp-content\/uploads\/2022\/05\/logo_website_v1.png","contentUrl":"https:\/\/www.netvoix.com\/wp-content\/uploads\/2022\/05\/logo_website_v1.png","width":300,"height":100,"caption":"NetVoiX"},"image":{"@id":"https:\/\/www.netvoix.com\/#\/schema\/logo\/image\/"},"sameAs":["https:\/\/www.facebook.com\/people\/Netvoix-Inc\/100064032305668\/","https:\/\/x.com\/netvoix","https:\/\/www.linkedin.com\/company\/3362194\/admin\/"]}]}},"_links":{"self":[{"href":"https:\/\/www.netvoix.com\/es\/wp-json\/wp\/v2\/pages\/5316","targetHints":{"allow":["GET"]}}],"collection":[{"href":"https:\/\/www.netvoix.com\/es\/wp-json\/wp\/v2\/pages"}],"about":[{"href":"https:\/\/www.netvoix.com\/es\/wp-json\/wp\/v2\/types\/page"}],"author":[{"embeddable":true,"href":"https:\/\/www.netvoix.com\/es\/wp-json\/wp\/v2\/users\/3"}],"replies":[{"embeddable":true,"href":"https:\/\/www.netvoix.com\/es\/wp-json\/wp\/v2\/comments?post=5316"}],"version-history":[{"count":13,"href":"https:\/\/www.netvoix.com\/es\/wp-json\/wp\/v2\/pages\/5316\/revisions"}],"predecessor-version":[{"id":8119,"href":"https:\/\/www.netvoix.com\/es\/wp-json\/wp\/v2\/pages\/5316\/revisions\/8119"}],"wp:featuredmedia":[{"embeddable":true,"href":"https:\/\/www.netvoix.com\/es\/wp-json\/wp\/v2\/media\/1063"}],"wp:attachment":[{"href":"https:\/\/www.netvoix.com\/es\/wp-json\/wp\/v2\/media?parent=5316"}],"curies":[{"name":"wp","href":"https:\/\/api.w.org\/{rel}","templated":true}]}}