{"id":2511,"date":"2021-03-23T13:33:28","date_gmt":"2021-03-23T13:33:28","guid":{"rendered":"http:\/\/www.netvoix.com\/?page_id=2511"},"modified":"2023-05-27T01:33:14","modified_gmt":"2023-05-27T01:33:14","slug":"politica-de-privacidad","status":"publish","type":"page","link":"https:\/\/www.netvoix.com\/es\/privacy-policy\/","title":{"rendered":"Pol\u00edtica de privacidad"},"content":{"rendered":"<div style=\"\" class=\"vc_row wpb_row vc_row-fluid vc_custom_1685136609638\"><div class=\"row-inner\"><div class=\"wpb_column vc_column_container vc_col-sm-12\"><div class=\"vc_column-inner\"><div class=\"wpb_wrapper\">\n\t<div class=\"wpb_text_column wpb_content_element\" >\n\t\t<div class=\"wpb_wrapper\">\n\t\t\t<h3 style=\"text-align: center;\"><strong>NetVoix, Inc.<\/strong><\/h3>\n<p>&nbsp;<\/p>\n<h2 style=\"text-align: center;\"><strong>Pol\u00edtica de privacidad<\/strong><\/h2>\n<p>&nbsp;<\/p>\n<p style=\"text-align: center;\"><u>\u00daltima actualizaci\u00f3n: Mayo 2023<\/u><\/p>\n<p>NetVoix, Inc. (\"NetVoix\", \"nosotros\", \"nos\" o \"nuestro\") proporciona servicios profesionales gestionados de tecnolog\u00eda de la informaci\u00f3n (\"Servicios\") para empresas dependientes de la tecnolog\u00eda.  Esta pol\u00edtica de privacidad (la \"Pol\u00edtica\") explica c\u00f3mo tratamos toda la informaci\u00f3n que se nos proporciona a trav\u00e9s de nuestro sitio web o, en su caso, en el curso de nuestra prestaci\u00f3n de Servicios.<\/p>\n<p>&nbsp;<\/p>\n<h4 style=\"text-align: center;\"><strong><u>Su informaci\u00f3n y sus datos<\/u><\/strong><\/h4>\n<p>&nbsp;<\/p>\n<h4 style=\"text-align: center;\"><strong><u>\u00bfQu\u00e9 tipo de informaci\u00f3n recopilamos?<\/u><\/strong><\/h4>\n<p>&nbsp;<\/p>\n<p><em><u>Su informaci\u00f3n<\/u><\/em>.  La informaci\u00f3n que recopilamos se limita a (i) la informaci\u00f3n recopilada a trav\u00e9s de los campos espec\u00edficos de cualquier cuadro de di\u00e1logo que aparezca en nuestro sitio web o al que se acceda a trav\u00e9s de \u00e9l, y (ii) cualquier informaci\u00f3n que usted nos proporcione espec\u00edficamente en cualquier correo electr\u00f3nico, consulta, formulario de pedido u otra comunicaci\u00f3n relacionada con el Servicio (colectivamente, \"Su informaci\u00f3n\").  Su Informaci\u00f3n tambi\u00e9n puede incluir registros de transacciones relacionadas con su cuenta, datos de ubicaci\u00f3n (que indican la ubicaci\u00f3n de los inicios de sesi\u00f3n en su cuenta) y datos similares relacionados con la cuenta que podemos utilizar en nuestra prestaci\u00f3n de los Servicios y\/o en nuestro mantenimiento de su cuenta (si procede) con nosotros.<\/p>\n<p>Como proveedor de servicios gestionados, por lo general no solicitamos ni recopilamos m\u00e1s datos que los suyos.<\/p>\n<p>&nbsp;<\/p>\n<h4 style=\"text-align: center;\"><strong><u>\u00bfQu\u00e9 hacemos con su informaci\u00f3n?<\/u><\/strong><\/h4>\n<p>&nbsp;<\/p>\n<p><em><u>Su informaci\u00f3n<\/u><\/em>.  Sus datos se almacenan en nuestro sistema con el fin de responder a sus consultas, administrar y mantener su cuenta con nosotros y prestarle nuestros Servicios.  Si usted es o se convierte en cliente de NetVoix, podremos compartir una parte de sus datos con terceros, seg\u00fan sea necesario, con fines de procesamiento de pagos, as\u00ed como con fines de implementaci\u00f3n, mantenimiento y reparaci\u00f3n relacionados con el Servicio.  Aparte de lo establecido en esta Pol\u00edtica, no utilizamos su informaci\u00f3n para ning\u00fan otro prop\u00f3sito a menos que usted nos lo permita expresamente por escrito.<\/p>\n<p>&nbsp;<\/p>\n<p><em><u>Sus datos<\/u><\/em>.  Proporcionamos Servicios para ayudarle a gestionar su negocio; sin embargo, NetVoix no restringe, edita ni determina el tipo de informaci\u00f3n o datos que usted adquiere, mantiene, procesa, almacena, recupera o utiliza de cualquier otro modo en sus operaciones comerciales cotidianas (\"Sus Datos\"). Usted es el \u00fanico que determina el tipo, el alcance y la frecuencia de Sus Datos, y usted es el \u00fanico que determina el prop\u00f3sito para el que (i) obtuvo o recopil\u00f3 Sus Datos, y (ii) c\u00f3mo utilizar\u00e1 los Servicios en conjunci\u00f3n con Sus Datos y sus operaciones comerciales en curso.<\/p>\n<p>&nbsp;<\/p>\n<p>Dependiendo del Servicio que se preste, Sus Datos pueden estar almacenados y accesibles para nosotros en servidores basados en la nube, o pueden estar almacenados y accesibles para nosotros en servidores u otros dispositivos de copia de seguridad ubicados en sus instalaciones designadas.  Sin embargo, independientemente de d\u00f3nde se encuentren los datos, no vemos, accedemos, recuperamos ni utilizamos de ning\u00fan otro modo Sus Datos a menos que dicho uso se requiera expl\u00edcita y espec\u00edficamente como parte de los Servicios.  Por ejemplo:<\/p>\n<p>&nbsp;<\/p>\n<ul>\n<li>Si sus datos est\u00e1n en su pantalla en el momento en que nos conectamos a su estaci\u00f3n de trabajo local para solucionar un problema, nuestros t\u00e9cnicos podr\u00e1n ver sus datos; sin embargo, no los utilizaremos ni divulgaremos con ning\u00fan fin.<\/li>\n<li>Si solicita espec\u00edficamente que veamos o analicemos Sus Datos, lo haremos (si dicha actividad se presta en el marco de los Servicios), pero s\u00f3lo en la medida necesaria para cumplir nuestras obligaciones contractuales con usted.<\/li>\n<li>En muy raras ocasiones, podemos tener acceso a una parte de sus Datos o verlos incidentalmente como parte del mantenimiento general de nuestros sistemas; sin embargo, incluso en esas circunstancias, nuestros t\u00e9cnicos no ven intencionadamente sus Datos y no utilizan sus Datos para otros fines que no sean los necesarios para cumplir nuestras obligaciones contractuales con usted.<\/li>\n<\/ul>\n<p>&nbsp;<\/p>\n<h4 style=\"text-align: center;\"><strong><u>Supresi\u00f3n de informaci\u00f3n<\/u><\/strong><\/h4>\n<p>&nbsp;<\/p>\n<p><em><u>Su informaci\u00f3n<\/u><\/em>.  Tras la \u00faltima comunicaci\u00f3n que mantengamos con usted o tras la finalizaci\u00f3n de su relaci\u00f3n comercial con nosotros (lo que ocurra m\u00e1s tarde), podemos almacenar su informaci\u00f3n durante un breve periodo de tiempo (normalmente 1 a\u00f1o o menos) y, a continuaci\u00f3n, eliminar permanentemente su informaci\u00f3n de acuerdo con nuestra pol\u00edtica de retenci\u00f3n de informaci\u00f3n vigente en ese momento. No obstante lo anterior, podemos conservar su nombre e informaci\u00f3n de contacto durante un per\u00edodo de tiempo m\u00e1s largo \u00fanicamente con fines de archivo.<\/p>\n<p>&nbsp;<\/p>\n<p><u>Sus datos<\/u>.  A m\u00e1s tardar sesenta (60) d\u00edas despu\u00e9s de la \u00faltima comunicaci\u00f3n que tengamos con usted o de la fecha en que finalice nuestra relaci\u00f3n comercial con usted (lo que ocurra m\u00e1s tarde), Sus Datos se eliminar\u00e1n de forma permanente e irrecuperable de los servidores que est\u00e9n bajo nuestra custodia o control.  Aunque el momento exacto de dicha actividad se gestionar\u00e1 de acuerdo con nuestra pol\u00edtica de retenci\u00f3n de informaci\u00f3n vigente en ese momento, bajo ninguna circunstancia tendremos obligaci\u00f3n alguna de mantener Sus Datos durante m\u00e1s de quince (15) d\u00edas tras la fecha de finalizaci\u00f3n de los Servicios, a menos que acordemos expresamente lo contrario por escrito.<\/p>\n<p>&nbsp;<\/p>\n<h4 style=\"text-align: center;\"><strong><u>\u00bfQui\u00e9n m\u00e1s puede recibir su informaci\u00f3n?<\/u><\/strong><\/h4>\n<p>&nbsp;<\/p>\n<p>Adem\u00e1s de las divulgaciones descritas en otras partes de esta Pol\u00edtica, podemos divulgar su informaci\u00f3n y\/o sus datos si as\u00ed lo exige la ley, o si creemos, de buena fe, que dicha acci\u00f3n es necesaria para:<\/p>\n<ul>\n<li>cumplir con la ley o con un proceso legal;<\/li>\n<li>proteger y defender nuestros derechos o propiedades;<\/li>\n<li>proteger contra el uso indebido o no autorizado de los Servicios; o,<\/li>\n<li>proteger la seguridad personal o la propiedad de otros usuarios o del p\u00fablico. Entre otras cosas, esto significa que si usted proporciona informaci\u00f3n falsa o intenta hacerse pasar por otra persona, la informaci\u00f3n sobre usted puede ser revelada como parte de cualquier investigaci\u00f3n sobre sus acciones.<\/li>\n<\/ul>\n<p>Asimismo, en el caso de que todos o pr\u00e1cticamente todos nuestros activos sean adquiridos o transferidos, su informaci\u00f3n y sus datos pueden estar entre los activos transferidos.<\/p>\n<p>&nbsp;<\/p>\n<h4 style=\"text-align: center;\"><strong><u>Seguridad<\/u><\/strong><\/h4>\n<p>&nbsp;<\/p>\n<p>Para evitar el acceso o la divulgaci\u00f3n no autorizados, mantener la exactitud de los datos y garantizar el uso adecuado de su informaci\u00f3n y sus datos, utilizamos procedimientos f\u00edsicos, t\u00e9cnicos y administrativos para salvaguardar la informaci\u00f3n en nuestro poder o bajo nuestro control.  Esto incluye el uso de cortafuegos y m\u00e9todos de acceso restringido, y limitamos el acceso a aquellas personas que tienen un prop\u00f3sito comercial espec\u00edfico para acceder a la informaci\u00f3n descrita en esta Pol\u00edtica.  Nuestros empleados son conscientes de su responsabilidad de proteger la seguridad y la integridad de toda la informaci\u00f3n bajo nuestra custodia, y de acceder a dicha informaci\u00f3n \u00fanicamente cuando sea necesario.<\/p>\n<p>Si tenemos conocimiento de cualquier violaci\u00f3n de datos que resulte en un acceso ilegal o no autorizado, p\u00e9rdida o divulgaci\u00f3n de su informaci\u00f3n o sus datos, se lo notificaremos de conformidad con la legislaci\u00f3n aplicable.<\/p>\n<p>&nbsp;<\/p>\n<h4 style=\"text-align: center;\"><strong><u>Cookies<\/u><\/strong><\/h4>\n<p>&nbsp;<\/p>\n<p>Esta secci\u00f3n de la Pol\u00edtica describe los tipos de cookies que pueden implementarse en nuestro sitio web y c\u00f3mo podemos utilizar la informaci\u00f3n recopilada por las cookies.<\/p>\n<p>&nbsp;<\/p>\n<h4 style=\"text-align: center;\"><strong><u>Qu\u00e9 es una galleta<\/u><\/strong>?<\/h4>\n<p>&nbsp;<\/p>\n<p>Las cookies son peque\u00f1os fragmentos de c\u00f3digo inform\u00e1tico (como p\u00edxeles, balizas web, gifs y tecnolog\u00edas similares) que se almacenan en ubicaciones espec\u00edficas de su ordenador o dispositivo m\u00f3vil.  Los sitios web pueden leer las cookies y, dependiendo del tipo de cookie que se utilice, recuperar informaci\u00f3n limitada sobre las personas que visitan esos sitios.   Por ejemplo, un sitio web puede utilizar una cookie para recordar sus preferencias de usuario, lo que permitir\u00eda a ese sitio proporcionarle r\u00e1pidamente informaci\u00f3n o servicios que usted haya solicitado previamente. Las cookies tambi\u00e9n pueden utilizarse para asegurarse de que est\u00e1 viendo la versi\u00f3n m\u00e1s actualizada de un sitio web.<\/p>\n<p>&nbsp;<\/p>\n<p>Las cookies no almacenan informaci\u00f3n personal identificable (como su nombre, direcci\u00f3n o n\u00famero de tel\u00e9fono) y no pueden, por s\u00ed mismas, identificarle personalmente. Las cookies no pueden acceder al disco duro ni a la configuraci\u00f3n de la memoria de un dispositivo, y pr\u00e1cticamente todos los navegadores web modernos permiten a los usuarios controlar el uso de cookies.<\/p>\n<p>&nbsp;<\/p>\n<h4 style=\"text-align: center;\"><strong><u>\u00bfQu\u00e9 tipo de cookies utilizamos?<\/u><\/strong><\/h4>\n<p>&nbsp;<\/p>\n<p><em>Cookies de rendimiento \/ anal\u00edticas<\/em>.  Nuestro sitio web utiliza cookies de rendimiento (tambi\u00e9n conocidas como \"cookies anal\u00edticas\").  Estas cookies recopilan informaci\u00f3n sobre su uso de este sitio web y nos ayudan a evaluar y mejorar su funcionamiento.  Por ejemplo, podemos utilizar cookies de rendimiento para determinar las \u00e1reas del sitio web que m\u00e1s ha visitado, o para determinar si ha recibido alg\u00fan mensaje de error mientras estaba en el sitio.  Las cookies de rendimiento tambi\u00e9n nos proporcionan informaci\u00f3n estad\u00edstica y anal\u00edtica sobre nuestro sitio web, como el total de visitas a las p\u00e1ginas, el porcentaje de rebote, las tecnolog\u00edas utilizadas para acceder a nuestro sitio web y la velocidad de carga de las p\u00e1ginas.  Tambi\u00e9n podemos utilizar cookies de rendimiento para recopilar datos que ayuden a equilibrar la carga, lo que contribuye a garantizar que nuestro sitio web siga funcionando.<\/p>\n<p>&nbsp;<\/p>\n<p><em>Cookies de reorientaci\u00f3n \/ publicidad<\/em>. Nuestro sitio web utiliza cookies de reorientaci\u00f3n para recordar que ha visitado el sitio y permitirnos a nosotros y a terceros designados, como Google, ofrecerle publicidad cuando visite otros sitios. Actualmente trabajamos con Google para mostrarle mensajes publicitarios personalizados; por lo tanto, si utiliza una cuenta de Google (dependiendo de la configuraci\u00f3n de su cuenta de Google), Google puede vincular su historial de navegaci\u00f3n web de Google a su cuenta de Google para ofrecerle anuncios personalizados.  Si no desea que se produzca esta asociaci\u00f3n, deber\u00e1 desconectarse de Google antes de acceder a nuestro sitio web.  Tenga en cuenta que la exclusi\u00f3n voluntaria de una cookie de reorientaci\u00f3n no significa necesariamente que no ver\u00e1 ning\u00fan anuncio en nuestro sitio web; sin embargo, al excluirse de una cookie de reorientaci\u00f3n, la publicidad no se dirigir\u00e1 a usted mediante el uso de cookies de terceros.<\/p>\n<p><em>Cookies funcionales.\u00a0 <\/em>Estas cookies se utilizan para recordar las elecciones que usted hace mientras visita nuestro sitio web y pueden proporcionarle funciones m\u00e1s mejoradas o personalizadas en el sitio. Algunas cookies funcionales son de \"s\u00f3lo sesi\u00f3n\", lo que significa que s\u00f3lo existir\u00e1n mientras su navegador permanezca abierto.  Podemos utilizar cookies de sesi\u00f3n para recordar las selecciones o elecciones que ha realizado en el sitio web durante una \u00fanica visita, como por ejemplo si ha visto un v\u00eddeo o contenido varias veces durante una \u00fanica sesi\u00f3n.  Otras cookies funcionales son \"persistentes\", lo que significa que durar\u00e1n de una visita a otra a menos que caduquen o se borren de su ordenador o dispositivo m\u00f3vil.  Podemos utilizar cookies funcionales para ayudarnos a recordar su informaci\u00f3n de inicio de sesi\u00f3n, sus preferencias de idioma o si hemos mostrado contenidos espec\u00edficos en nuestro sitio web en alguna de sus visitas anteriores.<\/p>\n<p>&nbsp;<\/p>\n<h4 style=\"text-align: center;\"><strong><u>\u00bfC\u00f3mo utilizamos la informaci\u00f3n recogida por las cookies?<\/u><\/strong><\/h4>\n<p>&nbsp;<\/p>\n<p>Como se ha descrito anteriormente, s\u00f3lo utilizamos cookies con el prop\u00f3sito limitado de evaluar la entrega, el uso y la funcionalidad de nuestro sitio web; no se hace ning\u00fan otro uso de cualquier informaci\u00f3n basada en cookies.<\/p>\n<p>&nbsp;<\/p>\n<h4 style=\"text-align: center;\"><strong><u>\u00bfC\u00f3mo se pueden controlar las cookies?<\/u><\/strong><\/h4>\n<p>&nbsp;<\/p>\n<p>La mayor\u00eda de los navegadores web est\u00e1n configurados para aceptar cookies autom\u00e1ticamente, pero ofrecen controles que permiten bloquearlas o eliminarlas. Por ejemplo, en Google Chrome puede bloquear o eliminar las cookies como desee seleccionando <strong>Ajustes<\/strong>&gt;<strong>Privacidad y seguridad<\/strong>&gt;<strong>Cookies y otros datos del sitio<\/strong>.  En Microsoft Edge, puede bloquear o eliminar las cookies seleccionando\u00a0<strong>Ajustes<\/strong>\u00a0&gt;\u00a0<strong>Privacidad y servicios<\/strong>\u00a0&gt;\u00a0<strong>Borrar datos de navegaci\u00f3n<\/strong>\u00a0&gt;\u00a0<strong>Cookies y otros datos del sitio<\/strong>. En Apple Safari, puede bloquear o eliminar las cookies como desee mediante <strong>Preferencias &gt; Privacidad<\/strong>.  Si utiliza un navegador distinto de Chrome, Edge o Safari, deber\u00e1 consultar las instrucciones de dicho navegador.<\/p>\n<p>Tenga en cuenta que algunas funciones de nuestro sitio web pueden depender del uso de cookies.  Si decide bloquear o eliminar las cookies, es posible que dichas funciones no est\u00e9n disponibles o no funcionen correctamente.<\/p>\n<p>&nbsp;<\/p>\n<h4 style=\"text-align: center;\"><strong><u>Cambios en esta pol\u00edtica<\/u><\/strong><\/h4>\n<p>&nbsp;<\/p>\n<p>Para adaptarnos a los cambios en la legislaci\u00f3n y en nuestra industria, podemos modificar esta Pol\u00edtica de vez en cuando.  Podemos introducir cambios en esta Pol\u00edtica en cualquier momento, y entrar\u00e1n en vigor una vez que los cambios se publiquen en esta Pol\u00edtica.  Si introducimos cambios sustanciales en esta Pol\u00edtica (<em>es decir<\/em>(por ejemplo, cambios que sean sustancialmente diferentes de los procedimientos descritos en esta Pol\u00edtica) y, en tales circunstancias, si usted es cliente de NetVoix, le avisaremos de dichos cambios por correo electr\u00f3nico.<\/p>\n<p>&nbsp;<\/p>\n<h4 style=\"text-align: center;\"><strong><u>Conformidad<\/u><\/strong><\/h4>\n<p>&nbsp;<\/p>\n<p>Es nuestra intenci\u00f3n ayudar a nuestros clientes a cumplir todas las normas y reglamentos sobre privacidad que deban cumplir. Si usted es cliente de NetVoix, le recomendamos encarecidamente que nos notifique cualquier normativa sobre privacidad que pueda ser aplicable a su empresa.<\/p>\n<p>&nbsp;<\/p>\n<h4 style=\"text-align: center;\"><strong><u>Contacto para cuestiones de privacidad<\/u><\/strong><\/h4>\n<p>&nbsp;<\/p>\n<p>Si tiene alguna pregunta sobre esta Pol\u00edtica o sobre el uso que hacemos de la informaci\u00f3n, dir\u00edjala a nuestro contacto designado para cuestiones relacionadas con la privacidad por correo electr\u00f3nico a la direcci\u00f3n <a href=\"mailto:info@NetVoix.com\">info@NetVoix.com<\/a> con copia a Bradley Gross, Esq., 2645 Executive Park Drive, Suite 119, Weston, Florida 33331, correo electr\u00f3nico: brad@bradleygross.com.<\/p>\n\n\t\t<\/div>\n\t<\/div>\n<\/div><\/div><\/div><\/div><\/div>","protected":false},"excerpt":{"rendered":"NetVoix, Inc. &nbsp; Privacy Policy &nbsp; Last updated: May 2023 NetVoix, Inc. (\u201cNetVoix,\u201d \u201cwe,\u201d \u201cus,\u201d or \u201cour\u201d) provides professional information technology managed services (\u201cServices\u201d) for technology-dependent companies.\u00a0 This privacy policy (this \u201cPolicy\u201d) explains how we handle all information that is provided to us either through our website or, as applicable, in the course of our [...]","protected":false},"author":1,"featured_media":0,"parent":0,"menu_order":0,"comment_status":"closed","ping_status":"closed","template":"","meta":{"content-type":"","footnotes":""},"class_list":["post-2511","page","type-page","status-publish","hentry"],"acf":[],"yoast_head":"<!-- This site is optimized with the Yoast SEO plugin v27.2 - https:\/\/yoast.com\/product\/yoast-seo-wordpress\/ -->\n<title>Privacy Policy - NetVoiX<\/title>\n<meta name=\"robots\" content=\"index, follow, max-snippet:-1, max-image-preview:large, max-video-preview:-1\" \/>\n<link rel=\"canonical\" href=\"https:\/\/www.netvoix.com\/es\/politica-de-privacidad\/\" \/>\n<meta property=\"og:locale\" content=\"es_ES\" \/>\n<meta property=\"og:type\" content=\"article\" \/>\n<meta property=\"og:title\" content=\"Privacy Policy - NetVoiX\" \/>\n<meta property=\"og:url\" content=\"https:\/\/www.netvoix.com\/es\/politica-de-privacidad\/\" \/>\n<meta property=\"og:site_name\" content=\"NetVoiX\" \/>\n<meta property=\"article:publisher\" content=\"https:\/\/www.facebook.com\/people\/Netvoix-Inc\/100064032305668\/\" \/>\n<meta property=\"article:modified_time\" content=\"2023-05-27T01:33:14+00:00\" \/>\n<meta property=\"og:image\" content=\"https:\/\/www.netvoix.com\/wp-content\/uploads\/2022\/04\/cropped-netvoix_logo_voip.png\" \/>\n\t<meta property=\"og:image:width\" content=\"512\" \/>\n\t<meta property=\"og:image:height\" content=\"512\" \/>\n\t<meta property=\"og:image:type\" content=\"image\/png\" \/>\n<meta name=\"twitter:card\" content=\"summary_large_image\" \/>\n<meta name=\"twitter:site\" content=\"@netvoix\" \/>\n<meta name=\"twitter:label1\" content=\"Tiempo de lectura\" \/>\n\t<meta name=\"twitter:data1\" content=\"9 minutos\" \/>\n<script type=\"application\/ld+json\" class=\"yoast-schema-graph\">{\"@context\":\"https:\/\/schema.org\",\"@graph\":[{\"@type\":\"WebPage\",\"@id\":\"https:\/\/www.netvoix.com\/privacy-policy\/\",\"url\":\"https:\/\/www.netvoix.com\/privacy-policy\/\",\"name\":\"Privacy Policy - NetVoiX\",\"isPartOf\":{\"@id\":\"https:\/\/www.netvoix.com\/#website\"},\"datePublished\":\"2021-03-23T13:33:28+00:00\",\"dateModified\":\"2023-05-27T01:33:14+00:00\",\"breadcrumb\":{\"@id\":\"https:\/\/www.netvoix.com\/privacy-policy\/#breadcrumb\"},\"inLanguage\":\"es\",\"potentialAction\":[{\"@type\":\"ReadAction\",\"target\":[\"https:\/\/www.netvoix.com\/privacy-policy\/\"]}]},{\"@type\":\"BreadcrumbList\",\"@id\":\"https:\/\/www.netvoix.com\/privacy-policy\/#breadcrumb\",\"itemListElement\":[{\"@type\":\"ListItem\",\"position\":1,\"name\":\"Home\",\"item\":\"https:\/\/www.netvoix.com\/\"},{\"@type\":\"ListItem\",\"position\":2,\"name\":\"Privacy Policy\"}]},{\"@type\":\"WebSite\",\"@id\":\"https:\/\/www.netvoix.com\/#website\",\"url\":\"https:\/\/www.netvoix.com\/\",\"name\":\"NetVoiX\",\"description\":\"Managed IT Services. Network and Wireless Infrastructure\",\"publisher\":{\"@id\":\"https:\/\/www.netvoix.com\/#organization\"},\"potentialAction\":[{\"@type\":\"SearchAction\",\"target\":{\"@type\":\"EntryPoint\",\"urlTemplate\":\"https:\/\/www.netvoix.com\/?s={search_term_string}\"},\"query-input\":{\"@type\":\"PropertyValueSpecification\",\"valueRequired\":true,\"valueName\":\"search_term_string\"}}],\"inLanguage\":\"es\"},{\"@type\":\"Organization\",\"@id\":\"https:\/\/www.netvoix.com\/#organization\",\"name\":\"NetVoiX\",\"url\":\"https:\/\/www.netvoix.com\/\",\"logo\":{\"@type\":\"ImageObject\",\"inLanguage\":\"es\",\"@id\":\"https:\/\/www.netvoix.com\/#\/schema\/logo\/image\/\",\"url\":\"https:\/\/www.netvoix.com\/wp-content\/uploads\/2022\/05\/logo_website_v1.png\",\"contentUrl\":\"https:\/\/www.netvoix.com\/wp-content\/uploads\/2022\/05\/logo_website_v1.png\",\"width\":300,\"height\":100,\"caption\":\"NetVoiX\"},\"image\":{\"@id\":\"https:\/\/www.netvoix.com\/#\/schema\/logo\/image\/\"},\"sameAs\":[\"https:\/\/www.facebook.com\/people\/Netvoix-Inc\/100064032305668\/\",\"https:\/\/x.com\/netvoix\",\"https:\/\/www.linkedin.com\/company\/3362194\/admin\/\"]}]}<\/script>\n<!-- \/ Yoast SEO plugin. -->","yoast_head_json":{"title":"Pol\u00edtica de privacidad - NetVoiX","robots":{"index":"index","follow":"follow","max-snippet":"max-snippet:-1","max-image-preview":"max-image-preview:large","max-video-preview":"max-video-preview:-1"},"canonical":"https:\/\/www.netvoix.com\/es\/politica-de-privacidad\/","og_locale":"es_ES","og_type":"article","og_title":"Privacy Policy - NetVoiX","og_url":"https:\/\/www.netvoix.com\/es\/politica-de-privacidad\/","og_site_name":"NetVoiX","article_publisher":"https:\/\/www.facebook.com\/people\/Netvoix-Inc\/100064032305668\/","article_modified_time":"2023-05-27T01:33:14+00:00","og_image":[{"width":512,"height":512,"url":"https:\/\/www.netvoix.com\/wp-content\/uploads\/2022\/04\/cropped-netvoix_logo_voip.png","type":"image\/png"}],"twitter_card":"summary_large_image","twitter_site":"@netvoix","twitter_misc":{"Tiempo de lectura":"9 minutos"},"schema":{"@context":"https:\/\/schema.org","@graph":[{"@type":"WebPage","@id":"https:\/\/www.netvoix.com\/privacy-policy\/","url":"https:\/\/www.netvoix.com\/privacy-policy\/","name":"Pol\u00edtica de privacidad - NetVoiX","isPartOf":{"@id":"https:\/\/www.netvoix.com\/#website"},"datePublished":"2021-03-23T13:33:28+00:00","dateModified":"2023-05-27T01:33:14+00:00","breadcrumb":{"@id":"https:\/\/www.netvoix.com\/privacy-policy\/#breadcrumb"},"inLanguage":"es","potentialAction":[{"@type":"ReadAction","target":["https:\/\/www.netvoix.com\/privacy-policy\/"]}]},{"@type":"BreadcrumbList","@id":"https:\/\/www.netvoix.com\/privacy-policy\/#breadcrumb","itemListElement":[{"@type":"ListItem","position":1,"name":"Home","item":"https:\/\/www.netvoix.com\/"},{"@type":"ListItem","position":2,"name":"Privacy Policy"}]},{"@type":"WebSite","@id":"https:\/\/www.netvoix.com\/#website","url":"https:\/\/www.netvoix.com\/","name":"NetVoiX","description":"Servicios de TI gestionados. Infraestructura de red e inal\u00e1mbrica","publisher":{"@id":"https:\/\/www.netvoix.com\/#organization"},"potentialAction":[{"@type":"SearchAction","target":{"@type":"EntryPoint","urlTemplate":"https:\/\/www.netvoix.com\/?s={search_term_string}"},"query-input":{"@type":"PropertyValueSpecification","valueRequired":true,"valueName":"search_term_string"}}],"inLanguage":"es"},{"@type":"Organization","@id":"https:\/\/www.netvoix.com\/#organization","name":"NetVoiX","url":"https:\/\/www.netvoix.com\/","logo":{"@type":"ImageObject","inLanguage":"es","@id":"https:\/\/www.netvoix.com\/#\/schema\/logo\/image\/","url":"https:\/\/www.netvoix.com\/wp-content\/uploads\/2022\/05\/logo_website_v1.png","contentUrl":"https:\/\/www.netvoix.com\/wp-content\/uploads\/2022\/05\/logo_website_v1.png","width":300,"height":100,"caption":"NetVoiX"},"image":{"@id":"https:\/\/www.netvoix.com\/#\/schema\/logo\/image\/"},"sameAs":["https:\/\/www.facebook.com\/people\/Netvoix-Inc\/100064032305668\/","https:\/\/x.com\/netvoix","https:\/\/www.linkedin.com\/company\/3362194\/admin\/"]}]}},"_links":{"self":[{"href":"https:\/\/www.netvoix.com\/es\/wp-json\/wp\/v2\/pages\/2511","targetHints":{"allow":["GET"]}}],"collection":[{"href":"https:\/\/www.netvoix.com\/es\/wp-json\/wp\/v2\/pages"}],"about":[{"href":"https:\/\/www.netvoix.com\/es\/wp-json\/wp\/v2\/types\/page"}],"author":[{"embeddable":true,"href":"https:\/\/www.netvoix.com\/es\/wp-json\/wp\/v2\/users\/1"}],"replies":[{"embeddable":true,"href":"https:\/\/www.netvoix.com\/es\/wp-json\/wp\/v2\/comments?post=2511"}],"version-history":[{"count":14,"href":"https:\/\/www.netvoix.com\/es\/wp-json\/wp\/v2\/pages\/2511\/revisions"}],"predecessor-version":[{"id":6667,"href":"https:\/\/www.netvoix.com\/es\/wp-json\/wp\/v2\/pages\/2511\/revisions\/6667"}],"wp:attachment":[{"href":"https:\/\/www.netvoix.com\/es\/wp-json\/wp\/v2\/media?parent=2511"}],"curies":[{"name":"wp","href":"https:\/\/api.w.org\/{rel}","templated":true}]}}